{"id":1010,"date":"2025-04-22T12:59:47","date_gmt":"2025-04-22T10:59:47","guid":{"rendered":"https:\/\/couriers.pl\/wycen-usluge\/"},"modified":"2026-04-15T19:36:06","modified_gmt":"2026-04-15T17:36:06","slug":"angebot-berechnen","status":"publish","type":"page","link":"https:\/\/couriers.pl\/de\/angebot-berechnen\/","title":{"rendered":"Angebot berechnen"},"content":{"rendered":"\t\t<div data-elementor-type=\"wp-page\" data-elementor-id=\"1010\" class=\"elementor elementor-1010 elementor-126\" data-elementor-post-type=\"page\">\n\t\t\t\t<div class=\"wd-negative-gap elementor-element elementor-element-191d38b e-flex e-con-boxed e-con e-parent\" data-id=\"191d38b\" data-element_type=\"container\">\n\t\t\t\t\t<div class=\"e-con-inner\">\n\t\t\t\t<div class=\"elementor-element elementor-element-5d78b24 elementor-widget elementor-widget-heading\" data-id=\"5d78b24\" data-element_type=\"widget\" data-widget_type=\"heading.default\">\n\t\t\t\t<div class=\"elementor-widget-container\">\n\t\t\t\t\t<h1 class=\"elementor-heading-title elementor-size-default\">Angebot berechnen<\/h1>\t\t\t\t<\/div>\n\t\t\t\t<\/div>\n\t\t\t\t<div class=\"elementor-element elementor-element-148f652 elementor-widget elementor-widget-shortcode\" data-id=\"148f652\" data-element_type=\"widget\" data-widget_type=\"shortcode.default\">\n\t\t\t\t<div class=\"elementor-widget-container\">\n\t\t\t\t\t\t\t<div class=\"elementor-shortcode\"><div class=\"wycen_usluge\"><p>Domestic Courier Service bietet eine breite Palette von Dienstleistungen. Nutzen Sie unseren Versandkostenrechner, um die Versandkosten einer konkreten Sendung zu ermitteln, und zwar ohne unsere Preisliste analysieren zu m\u00fcssen. Bei R\u00fcckfragen kontaktieren Sie bitte unseren Vertreter.<\/p><h5>Versandart<\/h5><form method=\"post\"><div id=\"accordion-wu\" class=\"module module-accordion accordion-wu wow fadeInUp\" data-behavior=\"accordion\" style=\"visibility: visible; animation-name: fadeInUp;\">\n\t\t<ul class=\"ui module-accordion separate  \">\n\t\t\t<li class=\"current builder-accordion-active\" data-tab=\"1\">\n\t\t\t\t<div class=\"accordion-title\"><a href=\"#\">Stadt-Lieferservice<\/a><\/div>\n\t\t\t\t<div class=\"accordion-content clearfix \" aria-expanded=\"true\" style=\"display: block;\">\n\t\t\t\t\t<div style=\"\"><a id=\"zasieg-uslugi\" href=\"https:\/\/couriers.pl\/de\/angebot-fur-die-lieferung-in-die-stadt\/\" style=\"margin-bottom: 0px;\"><img decoding=\"async\" src=\"https:\/\/couriers.pl\/grafika\/sprawdz-odleglosc.jpg\"><span>Pr\u00fcfen Sie den<br>Dienstleistungspreis<\/span><\/a>\n\t\t\t\t\t<p>Angesichts der Einteilung in Versandzonen f\u00fcr Kurierdienstleistungen innerhalb der Stadt Pozna\u0144 erfolgt die Kalkulation durch Markierung des Abholpunktes und des Zielpunktes auf der Karte.<\/p><p>Um zur Karte \u00fcberzugehen und die Kalkulation durchzuf\u00fchren, klicken Sie rechts auf die Kartenminiatur.<\/p>\n\t\t\t\t\t<br style=\"clear: both;\">\n\t\t\t\t\t<\/div>\n\t\t\t\t<\/div>\n\t\t\t<\/li>\n\t\t\t<li data-tab=\"2\">\n\t\t\t\t<div class=\"accordion-title\"><a href=\"#\">Sendung National<\/a><\/div>\n\t\t\t\t<div class=\"accordion-content clearfix \" aria-expanded=\"false\" style=\"display: none;\"><div class=\"wycenaBox\">\n\t<div class=\"head\">Angaben zum Paket<\/div>\n\t<table class=\"wycena\">\n\t\t<tr><td class=\"etykieta\">Gewicht:<\/td><td class=\"pole\"><input type=\"text\" name=\"waga\" value=\"\" maxlength=6>&nbsp;kg<\/td><\/tr>\n\t\t<tr><td class=\"etykieta\">L\u00e4nge:<\/td><td class=\"pole\"><input type=\"text\" name=\"dlugosc\" value=\"\" maxlength=4>&nbsp;cm<\/td><\/tr>\n\t\t<tr><td class=\"etykieta\">Breite:<\/td><td class=\"pole\"><input type=\"text\" name=\"szerokosc\" value=\"\" maxlength=4>&nbsp;cm<\/td><\/tr>\n\t\t<tr><td class=\"etykieta\">H\u00f6he:<\/td><td class=\"pole\"><input type=\"text\" name=\"wysokosc\" value=\"\" maxlength=4>&nbsp;cm<\/td><\/tr>\n\t<\/table>\n\t<\/div><div class=\"wycenaBox\" style=\" margin-right: 0px;\">\n\t<div class=\"head\">Zus\u00e4tzliche Dienstleistungen<\/div>\n\t<table class=\"wycena\">\n\t\t<tr><td class=\"checkbox\"><input type=\"checkbox\" name=\"zwrot\" id=\"zwrot\" value=\"1\"><label for=\"zwrot\">R\u00fcckgabe von best\u00e4tigten Dokumenten (binnen 5 Werktagen)<\/label><\/td><\/tr>\n\t\t<tr><td class=\"checkbox\"><input type=\"checkbox\" name=\"pozneGodziny\" id=\"pozneGodziny\" value=\"1\" onchange=\"if(jQuery(this).prop('checked')) jQuery('#nocneGodziny').prop('checked', false);\"><label for=\"pozneGodziny\">Lieferung zwischen 17:00 und 19:00 Uhr<\/label><\/td><\/tr>\n\t\t<tr><td class=\"checkbox\"><input type=\"checkbox\" name=\"nocneGodziny\" id=\"nocneGodziny\" value=\"1\" onchange=\"if(jQuery(this).prop('checked')) jQuery('#pozneGodziny').prop('checked', false);\"><label for=\"nocneGodziny\">Lieferung zwischen 19:00 und 8:00 Uhr<\/label><\/td><\/tr>\n\t\t<tr><td class=\"checkbox\"><input type=\"checkbox\" name=\"sobota\" id=\"sobota\" value=\"1\" onchange=\"if(jQuery(this).prop('checked')) jQuery('#niedziela').prop('checked', false);\"><label for=\"sobota\">Lieferung samstags<\/label><\/td><\/tr>\n\t\t<tr><td class=\"checkbox\"><input type=\"checkbox\" name=\"niedziela\" id=\"niedziela\" value=\"1\" onchange=\"if(jQuery(this).prop('checked')) jQuery('#sobota').prop('checked', false);\"><label for=\"niedziela\">Lieferung sonn- und feiertags<\/label><\/td><\/tr>\n\t\t<tr><td class=\"checkbox\"><input type=\"checkbox\" name=\"prywatna\" id=\"prywatna\" value=\"1\"><label for=\"prywatna\">Lieferung an Privatperson<\/label><\/td><\/tr>\n\t<\/table>\n\t<\/div><div class=\"wycen\"><input type=\"submit\" value=\"Angebot berechnen\" class=\"button\" name=\"wycenKrajowa\"><\/div><br style=\"clear: both;\">\n\t\t\t\t<\/div>\n\t\t\t<\/li>\n\t\t\t<li data-tab=\"3\">\n\t\t\t\t<div class=\"accordion-title\"><a href=\"#\">Sendung International<\/a><\/div>\n\t\t\t\t<div class=\"accordion-content clearfix \" aria-expanded=\"false\" style=\"display: none;\"><div class=\"wycenaBox three\">\n\t<div class=\"head\">Zielland<\/div>\n\t<div style=\" margin: 10px auto;\">\n\t<select name=\"kraj\" id=\"kraj\" style=\"\" onchange=\"sprawdzKraj();\"><option value=\"\"><\/option><option value=\"Austria\">Austria<\/option><option value=\"Belgia\">Belgia<\/option><option value=\"Bu\u0142garia\">Bu\u0142garia<\/option><option value=\"Chorwacja\">Chorwacja<\/option><option value=\"Czechy\">Czechy<\/option><option value=\"Dania\">Dania<\/option><option value=\"Estonia\">Estonia<\/option><option value=\"Finlandia\">Finlandia<\/option><option value=\"Francja\">Francja<\/option><option value=\"Hiszpania\">Hiszpania<\/option><option value=\"Holandia\">Holandia<\/option><option value=\"Irlandia\">Irlandia<\/option><option value=\"Litwa\">Litwa<\/option><option value=\"Luksemburg\">Luksemburg<\/option><option value=\"\u0141otwa\">\u0141otwa<\/option><option value=\"Niemcy\">Niemcy<\/option><option value=\"Portugalia\">Portugalia<\/option><option value=\"Rumunia\">Rumunia<\/option><option value=\"S\u0142owacja\">S\u0142owacja<\/option><option value=\"S\u0142owenia\">S\u0142owenia<\/option><option value=\"Szwecja\">Szwecja<\/option><option value=\"W\u0119gry\">W\u0119gry<\/option><option value=\"W\u0142ochy\">W\u0142ochy<\/option><\/select>\n\t<\/div>\n\t<\/div><div class=\"wycenaBox three\">\n\t<div class=\"head\">Sendungsdaten<\/div>\n\t<table class=\"wycena\">\n\t\t<tr><td class=\"etykieta\" style=\"width: 45%;\">Gewicht:<\/td><td class=\"pole\"><input type=\"text\" name=\"waga2\" value=\"\" maxlength=6>&nbsp;kg<\/td><\/tr><input type=\"hidden\" name=\"drogowa\" value=\"1\">\n\t<\/table>\n\t<\/div><div class=\"wycenaBox three\" style=\"margin-right: 0px;\">\n\t<div class=\"head\">Inhalt der Sendung<\/div>\n\t<table class=\"wycena\">\n\t\t<tr><td class=\"checkbox\"><input type=\"checkbox\" name=\"dox\" id=\"dox\" value=\"1\" onchange=\"if(jQuery(this).prop('checked')) jQuery('#sps').prop('checked', false);\"><label for=\"dox\">Umschlag mit Dokumenten<\/label><\/td><\/tr>\n\t\t<tr><td class=\"checkbox\"><input type=\"checkbox\" name=\"sps\" id=\"sps\" value=\"1\" onchange=\"if(jQuery(this).prop('checked')) jQuery('#dox').prop('checked', false);\"><label for=\"sps\">Paket<\/label><\/td><\/tr>\n\t<\/table>\n\t<\/div><div class=\"wycen\"><input type=\"submit\" value=\"Angebot berechnen\" class=\"button\" name=\"wycenaMiedzynarodowa\"><\/div><br style=\"clear: both;\"><\/div>\n\t\t\t\t\n\t\t\t\t<\/div>\n\t\t\t<\/li>\n\t\t<\/ul>\n\t<\/div><input type=\"hidden\" name=\"zakladka\" value=\"1\" id=\"zakladka\"><\/form>\n\t<script type=\"text\/javascript\">\n\tfunction wybranaZakladka()\n\t{\n\t\tvar curTab=jQuery('#accordion-wu li.current').attr('data-tab');\n\t\tif(typeof curTab !== 'undefined' && curTab != jQuery('#zakladka').val())\n\t\t{\n\t\t\tjQuery('#zakladka').val(curTab);\n\t\t\tvar date = new Date();\n\t\t\tdate.setTime(date.getTime()+(30*24*60*60*1000));\n\t\t\tvar expires = '; expires='+date.toGMTString();\n\t\t\tdocument.cookie = 'zakladka='+curTab+expires+'; path=\/';\n\t\t}\n\t}\n\n\tsetInterval(function() { wybranaZakladka(); }, 1000);var drogowe=[\"Niemcy\",\"Austria\",\"Belgia\",\"Czechy\",\"Luksemburg\",\"Holandia\",\"Dania\",\"Hiszpania\",\"Francja\",\"W\\u0119gry\",\"S\\u0142owacja\",\"S\\u0142owenia\",\"Bu\\u0142garia\",\"Chorwacja\",\"Irlandia\",\"Litwa\",\"\\u0141otwa\",\"Estonia\",\"Rumunia\",\"Szwecja\",\"W\\u0142ochy\",\"Finlandia\",\"Portugalia\"];\n\tfunction sprawdzKraj()\n\t{\n\t\tkraj=jQuery('#kraj').val();\n\t\tjQuery('#drogowa').attr('disabled', true);\n\t\tfor(i=0;i<drogowe.length;i++)\n\t\t{\n\t\t\tif(kraj==drogowe[i])\n\t\t\t{\n\t\t\t\tjQuery('#drogowa').removeAttr('disabled');\n\t\t\t\tbreak;\n\t\t\t}\n\t\t}\n\t\tif(jQuery('#drogowa').attr('disabled'))\n\t\t{\n\t\t\tjQuery('#drogowa').prop('checked', false);\n\t\t\tjQuery('#lotnicza').prop('checked', true);\n\t\t}\n\t}\n\t<\/script><p>&nbsp;<\/p>\n\t<h5>Individuelle Bewertung<\/h5>\n\t<div class=\"formWyceny\"><form name=\"form1\" method=\"post\" >\n\t\t\t\t<p>F\u00fcr eine pr\u00e4zise Kalkulation der Transportdienstleistung ben\u00f6tigen wir folgende Angaben:<\/p>\n\t\t\t\t<table>\n\t\t\t\t<tr>\n\t\t\t\t  <td colspan=\"2\" style=\"padding-left:2px;\"><table class=\"wycena_form\">\n\t\t\t\t\t<tr>\n\t\t\t\t\t  <td style=\"text-align: left;padding-left:0px; \">Bezeichnung der Firma:<\/td>\n\t\t\t\t\t  <td style=\"\"><input name=\"firma\" type=\"text\" size=\"23\" class=\"formularz\"><\/td>\n\t\t\t\t\t<\/tr>\n\t\t\t\t\t<tr>\n\t\t\t\t\t  <td style=\"text-align: left;padding-left:0px; \">Vor- und Zuname:<\/td>\n\t\t\t\t\t  <td style=\"\"><input name=\"nazwisko\" type=\"text\" size=\"23\" class=\"formularz\"><\/td>\n\t\t\t\t\t<\/tr>\n\t\t\t\t\t<tr>\n\t\t\t\t\t  <td style=\"text-align: left;padding-left:0px; \">Tel.<\/td>\n\t\t\t\t\t  <td style=\"\"><input name=\"telefon\" type=\"text\" size=\"23\" class=\"formularz\"><\/td>\n\t\t\t\t\t<\/tr>\n\t\t\t\t\t<tr>\n\t\t\t\t\t  <td style=\"text-align: left;padding-left:0px; \">E-mail:<\/td>\n\t\t\t\t\t  <td style=\"\"><input name=\"e_mail\" type=\"text\" size=\"23\" class=\"formularz\"><\/td>\n\t\t\t\t\t<\/tr>\n\t\t\t\t\t<tr>\n\t\t\t\t\t  <td style=\"text-align: left;padding-left:0px; \">Deklarierte Menge lokaler Sendungen pro Monat:<\/td>\n\t\t\t\t\t  <td style=\"\"><input name=\"lokalne\" type=\"text\" style=\"width: 100px;\" class=\"formularz\"><\/td>\n\t\t\t\t\t<\/tr>\n\t\t\t\t\t<tr>\n\t\t\t\t\t  <td style=\"text-align: left;padding-left:0px; \">Deklarierte Menge inl\u00e4ndischer Sendungen pro Monat:<\/td>\n\t\t\t\t\t  <td style=\"\"><input name=\"krajowe\" type=\"text\" style=\"width: 100px;\" class=\"formularz\"><\/td>\n\t\t\t\t\t<\/tr>\n\t\t\t\t\t<tr>\n\t\t\t\t\t  <td style=\"text-align: left;padding-left:0px; \">Deklarierte Menge internationaler Sendungen pro Monat:<\/td>\n\t\t\t\t\t  <td style=\"\"><input name=\"miedzynarodowe\" type=\"text\" style=\"width: 100px;\" class=\"formularz\"><\/td>\n\t\t\t\t\t<\/tr>\n\t\t\t\t  <\/table><\/td>\n\t\t\t\t<\/tr>\n\t\t\t\t<tr valign=\"bottom\">\n\t\t\t\t  <td style=\"min-height: 40px;\"><div align=\"left\">Zus\u00e4tzliche Informationen: <\/div><\/td>\n\t\t\t\t  <td style=\"min-height: 40px;\"><div align=\"right\"><\/div><\/td>\n\t\t\t\t<\/tr>\n\t\t\t\t<tr>\n\t\t\t\t  <td colspan=\"2\">\n\t\t\t\t\t<div align=\"right\">\n\t\t\t\t\t  <textarea name=\"tresc\" style=\"width: 100%; min-height: 140px;\"><\/textarea>\n\t\t\t\t\t<\/div><\/td>\n\t\t\t\t  <\/tr>\n\t\t\t\t<tr>\n\t\t\t\t<tr>\n\t\t\t\t  <td colspan=\"2\" style=\"padding-top: 10px; padding-bottom: 10px;\">\n\t\t\t\t\t<div align=\"left\">\n\t\t\t\t\t  <input type=\"checkbox\" name=\"zgoda\" id=\"ch_zgoda\"><label for=\"ch_zgoda\">Ich habe die Informationen zur <a href=\"https:\/\/couriers.pl\/de\/informationen-zur-verarbeitung-personenbezogener-daten\/\">Verarbeitung meiner pers\u00f6nlichen Daten<\/a> gelesen. <\/label>\n\t\t\t\t\t<\/div><\/td>\n\t\t\t\t  <\/tr>\n\t\t\t\t<tr>\n\t\t\t\t  <td colspan=\"2\" style=\"padding-top: 5px;\">\n\t\t\t\t\t  <!--<input type=\"reset\" name=\"Reset\" value=\"L\u00f6schen\">-->\n\t\t\t\t\t\t\t<input type=\"submit\" name=\"Submit\" value=\"Senden\" style=\"margin-right: 5px;\">\n\t\t\t\t  <\/td>\n\t\t\t\t<\/tr>\n\t\t\t  <\/table> \n\t\t\t  <\/form>\n\t<\/div><\/div><style type=\"text\/css\">\n\n\t#accordion-wu {}\n\tul.module-accordion {\n\t\tlist-style: none;\n\t\tpadding: 0px;\n\t\tmargin: 0px;\n\t}\n\tul.module-accordion > li {}\n\t.accordion-title {}\n\t.accordion-title a {\n\t\tbackground: #00399A;\n\t\tcolor: white;\n\t\tdisplay: block;\n\t\tpadding: 10px;\n\t\tfont-weight: 700;\n\t\tfont-size: 16px;\n\t}\n\t.accordion-title a:hover {\n\t\tbackground: #e77716;\n\t}\n\t.accordion-content {\n\t\tpadding: 20px 20px;\n\t\tborder: 1px solid #dddddd;\n\t}\n\n\n\tdiv.wycen_usluge { padding: 2% 0px 0px; }\n\tdiv.wycen_usluge p { padding: 0px 0px 2%; }\n\n\t.wycen_usluge a#zasieg-uslugi { float: right; background-color: #0b1129; border: 1px solid #0b1129; text-decoration: none; text-align: center; margin-left: 20px; margin-bottom: 10px; max-width: 40%; }\n\t.wycen_usluge a#zasieg-uslugi img { max-width: 100%; }\n\t.wycen_usluge a#zasieg-uslugi span {display: block; color: white; text-align: center; font-weight: bold; padding: 5px 5px; }\n\t.wycen_usluge a#zasieg-uslugi:hover { background-color: #ff7900; border: 1px solid #ff7900; }\n\n\t.wycen_usluge label { display: inline; }\n\t.wycen_usluge div.wycenaBox {width: 48%; float: left;  margin-right: 10px;}\n\t.wycen_usluge div.wycenaBox.three { width: calc(33.3% - 40px); margin-right: 40px; }\n\t.wycen_usluge div.wycenaBox div.head {font-weight: bold; margin-bottom: 20px;}\n\t.wycen_usluge div.wycenaBox table {border-collapse: collapse; width: 100%; border: 0px;}\n\t.wycen_usluge div.wycenaBox table td {border: 0px;}\n\t.wycen_usluge div.wycenaBox table td.etykieta {text-align: left;}\n\t.wycen_usluge div.wycenaBox table td.checkbox {text-align: left; vertical-align: middle;}\n\t.wycen_usluge div.wycenaBox table td.checkbox label {padding-bottom: 0px; margin-bottom: 0px;}\n\t.wycen_usluge div.wycenaBox table td.pole { text-align :left; }\n\t.wycen_usluge div.wycenaBox table td.pole input[type=\"text\"] {width:40%;}\n\t\n\t@media screen and (max-width: 600px) {\n\t\t.wycen_usluge div.wycenaBox {width:100%; float: none;}\n\t\t.wycen_usluge div.wycenaBox.three { width: 100%; margin-right: 0px; }\n\t\t.wycen_usluge div.wycenaBox div.head {margin-bottom: 10px; margin-top: 20px;}\n\t\t.wycen_usluge div.wycenaBox:first-child div.head { margin-top: 0px;}\n\t}\n\n\t.wycen_usluge div.wycen {clear: both; text-align: center; padding-top: 15px;}\n\t.wycen_usluge table.wycena { margin-bottom: 20px;}\n\t.wycen_usluge table.wycena td { padding: 5px 10px;}\n\t.wycen_usluge div.wycena { font-size: 130%; text-align: center; background-color: #ff7900; color: white; padding: 10px 20px; }\n\t.wycen_usluge div.wycena.blad {background-color: red; font-weight: bold; font-size: 100%;}\n\n\t.formWyceny { padding: 20px 20px; border: 1px solid #e5e5e5; }\n\t.formWyceny table {width: 100%; border: 0px;}\n\t.formWyceny table td {border: 0px;}\n\t.formWyceny table.wycena_form td { width: 50%; text-align: left; padding: 5px 10px; }\n\t.formWyceny table.wycena_form { margin-bottom: 20px;}\n\t\n\t.formWyceny .alert { font-size: 100%; text-align: center; background-color: red; color: white; padding: 10px 20px; font-weight: bold; margin-bottom: 20px;}\n\t.formWyceny .alert.successAlert { background-color: #ff7900; margin-bottom: 10px;}\n\t.formWyceny td { padding: 0px;}\n\t.formWyceny input[type=\"submit\"],\n\t.wycen_usluge input[type=\"submit\"] {\n\t\tbackground: #ff7900;\n\t\tcolor: white;\n\t\tmin-width: 200px;\n\t}\n\t.formWyceny a {\n\t\ttext-decoration: underline;\n\t}\n\t.formWyceny input[type=\"checkbox\"] {}\n\t.formWyceny input[type=\"checkbox\"] + label {\n\t\tdisplay: inline;\n\t\tmargin: 0px;\n\t\tpadding: 0px 0px 0px 10px;\n\t}\n\t\n\n\t<\/style>\t<script type=\"text\/javascript\">\n\tjQuery(document).ready(function()\n\t{\n\t\tif(jQuery('#content div.wycena').length>0)\n\t\t{\n\t\t\tjQuery('html, body').animate({\n\t\t\t\tscrollTop: jQuery('#content div.wycena').first().closest('li').offset().top-200\n\t\t\t}, 1000);\n\t\t\t\n\t\t}\n\t\telse if(jQuery('#content .alert').length>0)\n\t\t{\n\t\t\tjQuery('html, body').animate({\n\t\t\t\tscrollTop: jQuery('#content .alert').first().closest('.formWyceny').offset().top-200\n\t\t\t}, 1000);\n\t\t\t\n\t\t}\n\t\tjQuery(\".accordion-title\").bind(\"click\",function(e)\n\t\t{\n\t\t\te.preventDefault();\n\t\t\tif(jQuery(this).parent().hasClass(\"current\"))\n\t\t\t{\n\t\t\t\tjQuery(this).parent().removeClass(\"current\");\n\t\t\t}\n\t\t\telse\n\t\t\t{\n\t\t\t\tjQuery(\"#accordion-wu li\").removeClass(\"current\");\n\t\t\t\tjQuery(this).parent().addClass(\"current\");\n\t\t\t}\n\t\t\tjQuery(\".accordion-content\").slideUp();\n\t\t\tjQuery(\".current .accordion-content\").slideDown();\n\t\t});\n\t});\n\t<\/script><\/div>\n\t\t\t\t\t\t<\/div>\n\t\t\t\t<\/div>\n\t\t\t\t\t<\/div>\n\t\t\t\t<\/div>\n\t\t\t\t<\/div>\n\t\t","protected":false},"excerpt":{"rendered":"<p>Angebot berechnen<\/p>\n","protected":false},"author":2,"featured_media":0,"parent":0,"menu_order":0,"comment_status":"closed","ping_status":"closed","template":"","meta":{"footnotes":""},"class_list":["post-1010","page","type-page","status-publish","hentry"],"_links":{"self":[{"href":"https:\/\/couriers.pl\/de\/wp-json\/wp\/v2\/pages\/1010","targetHints":{"allow":["GET"]}}],"collection":[{"href":"https:\/\/couriers.pl\/de\/wp-json\/wp\/v2\/pages"}],"about":[{"href":"https:\/\/couriers.pl\/de\/wp-json\/wp\/v2\/types\/page"}],"author":[{"embeddable":true,"href":"https:\/\/couriers.pl\/de\/wp-json\/wp\/v2\/users\/2"}],"replies":[{"embeddable":true,"href":"https:\/\/couriers.pl\/de\/wp-json\/wp\/v2\/comments?post=1010"}],"version-history":[{"count":4,"href":"https:\/\/couriers.pl\/de\/wp-json\/wp\/v2\/pages\/1010\/revisions"}],"predecessor-version":[{"id":1021,"href":"https:\/\/couriers.pl\/de\/wp-json\/wp\/v2\/pages\/1010\/revisions\/1021"}],"wp:attachment":[{"href":"https:\/\/couriers.pl\/de\/wp-json\/wp\/v2\/media?parent=1010"}],"curies":[{"name":"wp","href":"https:\/\/api.w.org\/{rel}","templated":true}]}}