{"id":1024,"date":"2025-04-22T12:58:43","date_gmt":"2025-04-22T10:58:43","guid":{"rendered":"https:\/\/couriers.pl\/wspolpraca\/"},"modified":"2026-04-15T19:56:30","modified_gmt":"2026-04-15T17:56:30","slug":"zusammenarbeit","status":"publish","type":"page","link":"https:\/\/couriers.pl\/de\/zusammenarbeit\/","title":{"rendered":"Zusammenarbeit"},"content":{"rendered":"\t\t<div data-elementor-type=\"wp-page\" data-elementor-id=\"1024\" class=\"elementor elementor-1024 elementor-122\" data-elementor-post-type=\"page\">\n\t\t\t\t<div class=\"wd-negative-gap elementor-element elementor-element-a4c438b e-flex e-con-boxed e-con e-parent\" data-id=\"a4c438b\" data-element_type=\"container\">\n\t\t\t\t\t<div class=\"e-con-inner\">\n\t\t<div class=\"elementor-element elementor-element-95b85f8 e-con-full e-flex e-con e-child\" data-id=\"95b85f8\" data-element_type=\"container\">\n\t\t\t\t<div class=\"elementor-element elementor-element-c7d401e elementor-widget elementor-widget-heading\" data-id=\"c7d401e\" data-element_type=\"widget\" data-widget_type=\"heading.default\">\n\t\t\t\t<div class=\"elementor-widget-container\">\n\t\t\t\t\t<h1 class=\"elementor-heading-title elementor-size-default\">Professioneller Transport<\/h1>\t\t\t\t<\/div>\n\t\t\t\t<\/div>\n\t\t\t\t<div class=\"elementor-element elementor-element-06c5cca text-center color-scheme-inherit elementor-widget elementor-widget-text-editor\" data-id=\"06c5cca\" data-element_type=\"widget\" data-widget_type=\"text-editor.default\">\n\t\t\t\t<div class=\"elementor-widget-container\">\n\t\t\t\t\t\t\t\t\t<p>Wir unterst\u00fctzen Sie gerne beim Kn\u00fcpfen von Kontakten und beim Aufbau einer Kooperation im Stra\u00dfentransport. Wir sind \u00fcberzeugt, dass effektive Logistik mehr bedeutet als nur den Warentransport, vor allem aber Partnerschaft und Vertrauen. Dank unserer Erfahrung, unseres Engagements und unseres individuellen Ansatzes erreichen wir gemeinsam mehr.<\/p><p>Um Ihnen den Einstieg zu erleichtern, haben wir einen einfachen und effizienten Kooperationsprozess entwickelt \u2013 vom ersten Gespr\u00e4ch bis zum erfolgreichen Abschluss des Transports. Erfahren Sie mehr \u00fcber unsere Arbeitsweise und unsere Leistungen f\u00fcr Ihr Unternehmen.<\/p>\t\t\t\t\t\t\t\t<\/div>\n\t\t\t\t<\/div>\n\t\t\t\t<\/div>\n\t\t<div class=\"elementor-element elementor-element-1954679 e-con-full e-flex e-con e-child\" data-id=\"1954679\" data-element_type=\"container\">\n\t\t\t\t<div class=\"elementor-element elementor-element-ef0001b elementor-widget elementor-widget-image\" data-id=\"ef0001b\" data-element_type=\"widget\" data-widget_type=\"image.default\">\n\t\t\t\t<div class=\"elementor-widget-container\">\n\t\t\t\t\t\t\t\t\t\t\t\t\t\t\t<img fetchpriority=\"high\" decoding=\"async\" width=\"1024\" height=\"576\" src=\"https:\/\/couriers.pl\/wp-content\/uploads\/2025\/04\/transport-kurier-suchy-lod-bezpieczny-transport-1024x576.jpg\" class=\"attachment-large size-large wp-image-1025\" alt=\"\" srcset=\"https:\/\/couriers.pl\/wp-content\/uploads\/2025\/04\/transport-kurier-suchy-lod-bezpieczny-transport-1024x576.jpg 1024w, https:\/\/couriers.pl\/wp-content\/uploads\/2025\/04\/transport-kurier-suchy-lod-bezpieczny-transport-300x169.jpg 300w, https:\/\/couriers.pl\/wp-content\/uploads\/2025\/04\/transport-kurier-suchy-lod-bezpieczny-transport-768x432.jpg 768w, https:\/\/couriers.pl\/wp-content\/uploads\/2025\/04\/transport-kurier-suchy-lod-bezpieczny-transport-1536x864.jpg 1536w, https:\/\/couriers.pl\/wp-content\/uploads\/2025\/04\/transport-kurier-suchy-lod-bezpieczny-transport.jpg 1920w\" sizes=\"(max-width: 1024px) 100vw, 1024px\" \/>\t\t\t\t\t\t\t\t\t\t\t\t\t\t\t<\/div>\n\t\t\t\t<\/div>\n\t\t\t\t<\/div>\n\t\t\t\t\t<\/div>\n\t\t\t\t<\/div>\n\t\t<div class=\"wd-negative-gap elementor-element elementor-element-5df902f wd-section-stretch-content e-flex e-con-boxed e-con e-parent\" data-id=\"5df902f\" data-element_type=\"container\" data-settings=\"{&quot;background_background&quot;:&quot;classic&quot;,&quot;shape_divider_top&quot;:&quot;waves&quot;,&quot;shape_divider_bottom&quot;:&quot;waves&quot;,&quot;shape_divider_bottom_negative&quot;:&quot;yes&quot;}\">\n\t\t\t\t\t<div class=\"e-con-inner\">\n\t\t\t\t<div class=\"elementor-shape elementor-shape-top\" aria-hidden=\"true\" data-negative=\"false\">\n\t\t\t<svg xmlns=\"http:\/\/www.w3.org\/2000\/svg\" viewBox=\"0 0 1000 100\" preserveAspectRatio=\"none\">\n\t<path class=\"elementor-shape-fill\" d=\"M421.9,6.5c22.6-2.5,51.5,0.4,75.5,5.3c23.6,4.9,70.9,23.5,100.5,35.7c75.8,32.2,133.7,44.5,192.6,49.7\n\tc23.6,2.1,48.7,3.5,103.4-2.5c54.7-6,106.2-25.6,106.2-25.6V0H0v30.3c0,0,72,32.6,158.4,30.5c39.2-0.7,92.8-6.7,134-22.4\n\tc21.2-8.1,52.2-18.2,79.7-24.2C399.3,7.9,411.6,7.5,421.9,6.5z\"\/>\n<\/svg>\t\t<\/div>\n\t\t\t\t<div class=\"elementor-shape elementor-shape-bottom\" aria-hidden=\"true\" data-negative=\"true\">\n\t\t\t<svg xmlns=\"http:\/\/www.w3.org\/2000\/svg\" viewBox=\"0 0 1000 100\" preserveAspectRatio=\"none\">\n\t<path class=\"elementor-shape-fill\" d=\"M790.5,93.1c-59.3-5.3-116.8-18-192.6-50c-29.6-12.7-76.9-31-100.5-35.9c-23.6-4.9-52.6-7.8-75.5-5.3\n\tc-10.2,1.1-22.6,1.4-50.1,7.4c-27.2,6.3-58.2,16.6-79.4,24.7c-41.3,15.9-94.9,21.9-134,22.6C72,58.2,0,25.8,0,25.8V100h1000V65.3\n\tc0,0-51.5,19.4-106.2,25.7C839.5,97,814.1,95.2,790.5,93.1z\"\/>\n<\/svg>\t\t<\/div>\n\t\t<div class=\"elementor-element elementor-element-e3c80af e-con-full e-flex e-con e-child\" data-id=\"e3c80af\" data-element_type=\"container\">\n\t\t<div class=\"elementor-element elementor-element-8a97ce6 e-con-full e-flex e-con e-child\" data-id=\"8a97ce6\" data-element_type=\"container\">\n\t\t\t\t<div class=\"elementor-element elementor-element-f058ed3 elementor-widget elementor-widget-heading\" data-id=\"f058ed3\" data-element_type=\"widget\" data-widget_type=\"heading.default\">\n\t\t\t\t<div class=\"elementor-widget-container\">\n\t\t\t\t\t<h4 class=\"elementor-heading-title elementor-size-default\">Schildern Sie uns Ihre Anforderungen<\/h4>\t\t\t\t<\/div>\n\t\t\t\t<\/div>\n\t\t\t\t<div class=\"elementor-element elementor-element-813d87f text-center color-scheme-inherit elementor-widget elementor-widget-text-editor\" data-id=\"813d87f\" data-element_type=\"widget\" data-widget_type=\"text-editor.default\">\n\t\t\t\t<div class=\"elementor-widget-container\">\n\t\t\t\t\t\t\t\t\t<p>Teilen Sie uns mit, was Sie ben\u00f6tigen \u2013 ob regelm\u00e4\u00dfige Lieferungen, Spezialtransporte oder eine einmalige Bestellung. Wir m\u00f6chten Ihre Ziele und Herausforderungen verstehen, um Sie optimal unterst\u00fctzen zu k\u00f6nnen.<\/p>\t\t\t\t\t\t\t\t<\/div>\n\t\t\t\t<\/div>\n\t\t\t\t<\/div>\n\t\t<div class=\"elementor-element elementor-element-aa3eb3b e-con-full e-flex e-con e-child\" data-id=\"aa3eb3b\" data-element_type=\"container\">\n\t\t\t\t<div class=\"elementor-element elementor-element-a7b9751 elementor-widget elementor-widget-heading\" data-id=\"a7b9751\" data-element_type=\"widget\" data-widget_type=\"heading.default\">\n\t\t\t\t<div class=\"elementor-widget-container\">\n\t\t\t\t\t<h4 class=\"elementor-heading-title elementor-size-default\">Beratungsgespr\u00e4che mit unserem Team<\/h4>\t\t\t\t<\/div>\n\t\t\t\t<\/div>\n\t\t\t\t<div class=\"elementor-element elementor-element-4e154a8 text-center color-scheme-inherit elementor-widget elementor-widget-text-editor\" data-id=\"4e154a8\" data-element_type=\"widget\" data-widget_type=\"text-editor.default\">\n\t\t\t\t<div class=\"elementor-widget-container\">\n\t\t\t\t\t\t\t\t\t<p>Unsere Spezialisten erarbeiten ma\u00dfgeschneiderte L\u00f6sungen f\u00fcr Ihre Bed\u00fcrfnisse. Wir kommunizieren gezielt, h\u00f6ren aufmerksam zu und teilen unsere Erfahrungen \u2013 alles f\u00fcr eine individuelle Zusammenarbeit.<\/p>\t\t\t\t\t\t\t\t<\/div>\n\t\t\t\t<\/div>\n\t\t\t\t<\/div>\n\t\t\t\t<\/div>\n\t\t<div class=\"elementor-element elementor-element-8ae66ac e-con-full e-flex e-con e-child\" data-id=\"8ae66ac\" data-element_type=\"container\">\n\t\t<div class=\"elementor-element elementor-element-9f3062b e-con-full e-flex e-con e-child\" data-id=\"9f3062b\" data-element_type=\"container\">\n\t\t\t\t<div class=\"elementor-element elementor-element-438c20a elementor-widget elementor-widget-heading\" data-id=\"438c20a\" data-element_type=\"widget\" data-widget_type=\"heading.default\">\n\t\t\t\t<div class=\"elementor-widget-container\">\n\t\t\t\t\t<h4 class=\"elementor-heading-title elementor-size-default\">Angebots und Kostenoptimierung<\/h4>\t\t\t\t<\/div>\n\t\t\t\t<\/div>\n\t\t\t\t<div class=\"elementor-element elementor-element-1a527f8 text-center color-scheme-inherit elementor-widget elementor-widget-text-editor\" data-id=\"1a527f8\" data-element_type=\"widget\" data-widget_type=\"text-editor.default\">\n\t\t\t\t<div class=\"elementor-widget-container\">\n\t\t\t\t\t\t\t\t\t<p>Auf Basis der gesammelten Informationen erstellen wir einen Kooperationsvorschlag \u2013 flexibel, transparent und genau auf die Bed\u00fcrfnisse Ihres Unternehmens zugeschnitten. In dieser Phase k\u00f6nnen wir gemeinsam mit Ihnen den Vorschlag individuell anpassen.<\/p>\t\t\t\t\t\t\t\t<\/div>\n\t\t\t\t<\/div>\n\t\t\t\t<\/div>\n\t\t<div class=\"elementor-element elementor-element-b96a3fc e-con-full e-flex e-con e-child\" data-id=\"b96a3fc\" data-element_type=\"container\">\n\t\t\t\t<div class=\"elementor-element elementor-element-944f366 elementor-widget elementor-widget-heading\" data-id=\"944f366\" data-element_type=\"widget\" data-widget_type=\"heading.default\">\n\t\t\t\t<div class=\"elementor-widget-container\">\n\t\t\t\t\t<h4 class=\"elementor-heading-title elementor-size-default\">Transportimplementierung<\/h4>\t\t\t\t<\/div>\n\t\t\t\t<\/div>\n\t\t\t\t<div class=\"elementor-element elementor-element-0846d44 text-center color-scheme-inherit elementor-widget elementor-widget-text-editor\" data-id=\"0846d44\" data-element_type=\"widget\" data-widget_type=\"text-editor.default\">\n\t\t\t\t<div class=\"elementor-widget-container\">\n\t\t\t\t\t\t\t\t\t<p class=\"\" data-start=\"862\" data-end=\"1096\">Sobald das Angebot angenommen ist, handeln wir. Wir f\u00fchren den Auftrag wie vereinbart aus und garantieren dabei Qualit\u00e4t, P\u00fcnktlichkeit und reibungslose Kommunikation. Vom ersten Kilometer bis zur Auslieferung sind wir f\u00fcr Sie erreichbar.<\/p>\t\t\t\t\t\t\t\t<\/div>\n\t\t\t\t<\/div>\n\t\t\t\t<\/div>\n\t\t\t\t<\/div>\n\t\t\t\t\t<\/div>\n\t\t\t\t<\/div>\n\t\t<div class=\"wd-negative-gap elementor-element elementor-element-7460f0d e-flex e-con-boxed e-con e-parent\" data-id=\"7460f0d\" data-element_type=\"container\">\n\t\t\t\t\t<div class=\"e-con-inner\">\n\t\t<div class=\"elementor-element elementor-element-b5dfb94 e-con-full e-flex e-con e-child\" data-id=\"b5dfb94\" data-element_type=\"container\">\n\t\t\t\t<div class=\"elementor-element elementor-element-d465ef1 elementor-widget elementor-widget-heading\" data-id=\"d465ef1\" data-element_type=\"widget\" data-widget_type=\"heading.default\">\n\t\t\t\t<div class=\"elementor-widget-container\">\n\t\t\t\t\t<h2 class=\"elementor-heading-title elementor-size-default\">Lasst uns \u00fcber Zusammenarbeit sprechen.<\/h2>\t\t\t\t<\/div>\n\t\t\t\t<\/div>\n\t\t\t\t<div class=\"elementor-element elementor-element-dea2de3 text-center color-scheme-inherit elementor-widget elementor-widget-text-editor\" data-id=\"dea2de3\" data-element_type=\"widget\" data-widget_type=\"text-editor.default\">\n\t\t\t\t<div class=\"elementor-widget-container\">\n\t\t\t\t\t\t\t\t\t<p>Haben Sie Fragen? Ben\u00f6tigen Sie ein Angebot oder m\u00f6chten Sie Transportdetails besprechen? Kontaktieren Sie uns \u2013 unsere Spezialisten stehen Ihnen gerne zur Verf\u00fcgung. Gemeinsam finden wir die optimale L\u00f6sung f\u00fcr Ihre Bed\u00fcrfnisse.<\/p><p>Rufen Sie uns an, schreiben Sie uns oder nutzen Sie unser Formular \u2013 wir antworten Ihnen schnell und pr\u00e4zise. Wir freuen uns auf Ihre Nachricht!<\/p>\t\t\t\t\t\t\t\t<\/div>\n\t\t\t\t<\/div>\n\t\t\t\t<div class=\"elementor-element elementor-element-039bc43 elementor-widget elementor-widget-wd_button\" data-id=\"039bc43\" data-element_type=\"widget\" data-widget_type=\"wd_button.default\">\n\t\t\t\t<div class=\"elementor-widget-container\">\n\t\t\t\t\t\t\t<div class=\"wd-button-wrapper text-center\" >\n\t\t\t<a class=\"btn btn-style-default btn-shape-rectangle btn-size-default btn-color-primary btn-icon-pos-right\"  href=\"\/de\/kontakt\/\">\n\t\t\t\t<span class=\"wd-btn-text\" data-elementor-setting-key=\"text\">\n\t\t\t\t\tKontakt\t\t\t\t<\/span>\n\n\t\t\t\t\t\t\t<\/a>\n\t\t<\/div>\n\t\t\t\t\t\t<\/div>\n\t\t\t\t<\/div>\n\t\t\t\t<\/div>\n\t\t<div class=\"elementor-element elementor-element-a6b242e e-con-full e-flex e-con e-child\" data-id=\"a6b242e\" data-element_type=\"container\">\n\t\t\t\t<div class=\"elementor-element elementor-element-62041bb elementor-button-align-stretch elementor-widget elementor-widget-form\" data-id=\"62041bb\" data-element_type=\"widget\" data-settings=\"{&quot;button_width&quot;:&quot;30&quot;,&quot;step_next_label&quot;:&quot;Nast\\u0119pny&quot;,&quot;step_previous_label&quot;:&quot;Poprzedni&quot;,&quot;step_type&quot;:&quot;number_text&quot;,&quot;step_icon_shape&quot;:&quot;circle&quot;}\" data-widget_type=\"form.default\">\n\t\t\t\t<div class=\"elementor-widget-container\">\n\t\t\t\t\t\t\t<form class=\"elementor-form\" method=\"post\" name=\"Nowy formularz\">\n\t\t\t<input type=\"hidden\" name=\"post_id\" value=\"1024\"\/>\n\t\t\t<input type=\"hidden\" name=\"form_id\" value=\"62041bb\"\/>\n\t\t\t<input type=\"hidden\" name=\"referer_title\" value=\"DCS\" \/>\n\n\t\t\t\n\t\t\t<div class=\"elementor-form-fields-wrapper elementor-labels-above\">\n\t\t\t\t\t\t\t\t<div class=\"elementor-field-type-text elementor-field-group elementor-column elementor-field-group-name elementor-col-100 elementor-field-required\">\n\t\t\t\t\t\t\t\t\t\t\t\t<label for=\"form-field-name\" class=\"elementor-field-label\">\n\t\t\t\t\t\t\t\tName und Nachname\t\t\t\t\t\t\t<\/label>\n\t\t\t\t\t\t\t\t\t\t\t\t\t\t<input size=\"1\" type=\"text\" name=\"form_fields[name]\" id=\"form-field-name\" class=\"elementor-field elementor-size-sm  elementor-field-textual\" placeholder=\"Name und Nachname\" required=\"required\">\n\t\t\t\t\t\t\t\t\t\t\t<\/div>\n\t\t\t\t\t\t\t\t<div class=\"elementor-field-type-tel elementor-field-group elementor-column elementor-field-group-field_490f90d elementor-col-100 elementor-field-required\">\n\t\t\t\t\t\t\t\t\t\t\t\t<label for=\"form-field-field_490f90d\" class=\"elementor-field-label\">\n\t\t\t\t\t\t\t\tTelefon\t\t\t\t\t\t\t<\/label>\n\t\t\t\t\t\t\t\t<input size=\"1\" type=\"tel\" name=\"form_fields[field_490f90d]\" id=\"form-field-field_490f90d\" class=\"elementor-field elementor-size-sm  elementor-field-textual\" placeholder=\"Telefon\" required=\"required\" pattern=\"[0-9()#&amp;+*-=.]+\" title=\"Nur Nummern oder Telefon-Zeichen (#, -, *, etc) werden akzeptiert.\">\n\n\t\t\t\t\t\t<\/div>\n\t\t\t\t\t\t\t\t<div class=\"elementor-field-type-email elementor-field-group elementor-column elementor-field-group-email elementor-col-100 elementor-field-required\">\n\t\t\t\t\t\t\t\t\t\t\t\t<label for=\"form-field-email\" class=\"elementor-field-label\">\n\t\t\t\t\t\t\t\tE-mail\t\t\t\t\t\t\t<\/label>\n\t\t\t\t\t\t\t\t\t\t\t\t\t\t<input size=\"1\" type=\"email\" name=\"form_fields[email]\" id=\"form-field-email\" class=\"elementor-field elementor-size-sm  elementor-field-textual\" placeholder=\"E-mail\" required=\"required\">\n\t\t\t\t\t\t\t\t\t\t\t<\/div>\n\t\t\t\t\t\t\t\t<div class=\"elementor-field-type-textarea elementor-field-group elementor-column elementor-field-group-message elementor-col-100\">\n\t\t\t\t\t\t\t\t\t\t\t\t<label for=\"form-field-message\" class=\"elementor-field-label\">\n\t\t\t\t\t\t\t\tNachricht\t\t\t\t\t\t\t<\/label>\n\t\t\t\t\t\t<textarea class=\"elementor-field-textual elementor-field  elementor-size-sm\" name=\"form_fields[message]\" id=\"form-field-message\" rows=\"4\" placeholder=\"Nachricht\"><\/textarea>\t\t\t\t<\/div>\n\t\t\t\t\t\t\t\t<div class=\"elementor-field-type-acceptance elementor-field-group elementor-column elementor-field-group-field_ba842bc elementor-col-100 elementor-field-required\">\n\t\t\t\t\t\t\t<div class=\"elementor-field-subgroup\">\n\t\t\t<span class=\"elementor-field-option\">\n\t\t\t\t<input type=\"checkbox\" name=\"form_fields[field_ba842bc]\" id=\"form-field-field_ba842bc\" class=\"elementor-field elementor-size-sm  elementor-acceptance-field\" required=\"required\">\n\t\t\t\t<label for=\"form-field-field_ba842bc\">Ich habe die Informationen \u00fcber die Verarbeitung meiner personenbezogenen Daten gelesen.<\/label>\t\t\t<\/span>\n\t\t<\/div>\n\t\t\t\t\t\t<\/div>\n\t\t\t\t\t\t\t\t<div class=\"elementor-field-group elementor-column elementor-field-type-submit elementor-col-30 e-form__buttons\">\n\t\t\t\t\t<button class=\"elementor-button elementor-size-sm\" type=\"submit\">\n\t\t\t\t\t\t<span class=\"elementor-button-content-wrapper\">\n\t\t\t\t\t\t\t\t\t\t\t\t\t\t\t\t\t\t\t\t\t\t<span class=\"elementor-button-text\">Schicken<\/span>\n\t\t\t\t\t\t\t\t\t\t\t\t\t<\/span>\n\t\t\t\t\t<\/button>\n\t\t\t\t<\/div>\n\t\t\t<\/div>\n\t\t<\/form>\n\t\t\t\t\t\t<\/div>\n\t\t\t\t<\/div>\n\t\t\t\t<\/div>\n\t\t\t\t\t<\/div>\n\t\t\t\t<\/div>\n\t\t\t\t<\/div>\n\t\t","protected":false},"excerpt":{"rendered":"<p>Professioneller Transport Wir unterst\u00fctzen Sie gerne beim Kn\u00fcpfen von Kontakten und beim Aufbau einer Kooperation im Stra\u00dfentransport. Wir sind \u00fcberzeugt,<\/p>\n","protected":false},"author":2,"featured_media":0,"parent":0,"menu_order":0,"comment_status":"closed","ping_status":"closed","template":"","meta":{"footnotes":""},"class_list":["post-1024","page","type-page","status-publish","hentry"],"_links":{"self":[{"href":"https:\/\/couriers.pl\/de\/wp-json\/wp\/v2\/pages\/1024","targetHints":{"allow":["GET"]}}],"collection":[{"href":"https:\/\/couriers.pl\/de\/wp-json\/wp\/v2\/pages"}],"about":[{"href":"https:\/\/couriers.pl\/de\/wp-json\/wp\/v2\/types\/page"}],"author":[{"embeddable":true,"href":"https:\/\/couriers.pl\/de\/wp-json\/wp\/v2\/users\/2"}],"replies":[{"embeddable":true,"href":"https:\/\/couriers.pl\/de\/wp-json\/wp\/v2\/comments?post=1024"}],"version-history":[{"count":7,"href":"https:\/\/couriers.pl\/de\/wp-json\/wp\/v2\/pages\/1024\/revisions"}],"predecessor-version":[{"id":1045,"href":"https:\/\/couriers.pl\/de\/wp-json\/wp\/v2\/pages\/1024\/revisions\/1045"}],"wp:attachment":[{"href":"https:\/\/couriers.pl\/de\/wp-json\/wp\/v2\/media?parent=1024"}],"curies":[{"name":"wp","href":"https:\/\/api.w.org\/{rel}","templated":true}]}}