{"id":1068,"date":"2025-04-11T12:10:26","date_gmt":"2025-04-11T10:10:26","guid":{"rendered":"https:\/\/couriers.pl\/uslugi-spedycyjne\/"},"modified":"2026-04-16T11:27:17","modified_gmt":"2026-04-16T09:27:17","slug":"speditionsdienstleistungen","status":"publish","type":"page","link":"https:\/\/couriers.pl\/de\/speditionsdienstleistungen\/","title":{"rendered":"Speditionsdienstleistungen"},"content":{"rendered":"\t\t<div data-elementor-type=\"wp-page\" data-elementor-id=\"1068\" class=\"elementor elementor-1068 elementor-26\" data-elementor-post-type=\"page\">\n\t\t\t\t<div class=\"wd-negative-gap elementor-element elementor-element-b5542cd e-flex e-con-boxed e-con e-parent\" data-id=\"b5542cd\" data-element_type=\"container\">\n\t\t\t\t\t<div class=\"e-con-inner\">\n\t\t<div class=\"elementor-element elementor-element-b4a62ba e-con-full e-flex e-con e-child\" data-id=\"b4a62ba\" data-element_type=\"container\">\n\t\t\t\t<div class=\"elementor-element elementor-element-219c4a4 elementor-widget elementor-widget-heading\" data-id=\"219c4a4\" data-element_type=\"widget\" data-widget_type=\"heading.default\">\n\t\t\t\t<div class=\"elementor-widget-container\">\n\t\t\t\t\t<h1 class=\"elementor-heading-title elementor-size-default\">Transport International und St\u00fcckgutsendungen<\/h1>\t\t\t\t<\/div>\n\t\t\t\t<\/div>\n\t\t\t\t<div class=\"elementor-element elementor-element-0157432 text-center color-scheme-inherit elementor-widget elementor-widget-text-editor\" data-id=\"0157432\" data-element_type=\"widget\" data-widget_type=\"text-editor.default\">\n\t\t\t\t<div class=\"elementor-widget-container\">\n\t\t\t\t\t\t\t\t\t<p><strong>Ben\u00f6tigen Sie komplexe Speditionsl\u00f6sungen? Das DCS-Angebot umfasst u.a. Transport International und Transport im Bereich St\u00fcckgutsendungen, angepasst an Ihre Bed\u00fcrfnisse.<\/strong><\/p>\t\t\t\t\t\t\t\t<\/div>\n\t\t\t\t<\/div>\n\t\t\t\t<div class=\"elementor-element elementor-element-f3bc7fc text-center color-scheme-inherit elementor-widget elementor-widget-text-editor\" data-id=\"f3bc7fc\" data-element_type=\"widget\" data-widget_type=\"text-editor.default\">\n\t\t\t\t<div class=\"elementor-widget-container\">\n\t\t\t\t\t\t\t\t\t<p class=\"\" data-start=\"198\" data-end=\"445\">Auf Basis Ihrer Anforderungen entwickeln wir Ihre Ideall\u00f6sung im Bereich Zustellungen, und zwar unter Einsatz unserer regelm\u00e4\u00dfigen Speditionsdienste nach bestimmter Route, um Ihren Bed\u00fcrfnissen m\u00f6glichst genau gerecht zu werden und Ihnen die Wettbewerbsvorteile auf dem heutigen Markt zu verschaffen. Jedes Mitglied im DCS-Team wird f\u00fcr eine schnelle Lieferung Ihrer Ladung sowie f\u00fcr die St\u00e4rkung des Renommees Ihrer Firma eingesetzt. \u00dcber die Jahre haben wir uns durch nationale und internationale Transportdienstleistungen bei einer Vielzahl von Kunden einen Namen gemacht.<\/p>\t\t\t\t\t\t\t\t<\/div>\n\t\t\t\t<\/div>\n\t\t\t\t<\/div>\n\t\t<div class=\"elementor-element elementor-element-f757d7a e-con-full e-flex e-con e-child\" data-id=\"f757d7a\" data-element_type=\"container\">\n\t\t\t\t<div class=\"elementor-element elementor-element-62cb9d2 elementor-widget elementor-widget-image\" data-id=\"62cb9d2\" data-element_type=\"widget\" data-widget_type=\"image.default\">\n\t\t\t\t<div class=\"elementor-widget-container\">\n\t\t\t\t\t\t\t\t\t\t\t\t\t\t\t<img fetchpriority=\"high\" decoding=\"async\" width=\"1024\" height=\"576\" src=\"https:\/\/couriers.pl\/wp-content\/uploads\/2025\/04\/transport-kurier-suchy-lod-spedycja-uslugi-transport-1024x576.jpg\" class=\"attachment-large size-large wp-image-1077\" alt=\"\" srcset=\"https:\/\/couriers.pl\/wp-content\/uploads\/2025\/04\/transport-kurier-suchy-lod-spedycja-uslugi-transport-1024x576.jpg 1024w, https:\/\/couriers.pl\/wp-content\/uploads\/2025\/04\/transport-kurier-suchy-lod-spedycja-uslugi-transport-300x169.jpg 300w, https:\/\/couriers.pl\/wp-content\/uploads\/2025\/04\/transport-kurier-suchy-lod-spedycja-uslugi-transport-768x432.jpg 768w, https:\/\/couriers.pl\/wp-content\/uploads\/2025\/04\/transport-kurier-suchy-lod-spedycja-uslugi-transport-1536x864.jpg 1536w, https:\/\/couriers.pl\/wp-content\/uploads\/2025\/04\/transport-kurier-suchy-lod-spedycja-uslugi-transport.jpg 1920w\" sizes=\"(max-width: 1024px) 100vw, 1024px\" \/>\t\t\t\t\t\t\t\t\t\t\t\t\t\t\t<\/div>\n\t\t\t\t<\/div>\n\t\t\t\t<\/div>\n\t\t\t\t\t<\/div>\n\t\t\t\t<\/div>\n\t\t<div class=\"wd-negative-gap elementor-element elementor-element-6489d98 wd-section-stretch-content e-flex e-con-boxed e-con e-parent\" data-id=\"6489d98\" data-element_type=\"container\" data-settings=\"{&quot;background_background&quot;:&quot;classic&quot;,&quot;shape_divider_top&quot;:&quot;waves&quot;,&quot;shape_divider_bottom&quot;:&quot;waves&quot;,&quot;shape_divider_bottom_negative&quot;:&quot;yes&quot;}\">\n\t\t\t\t\t<div class=\"e-con-inner\">\n\t\t\t\t<div class=\"elementor-shape elementor-shape-top\" aria-hidden=\"true\" data-negative=\"false\">\n\t\t\t<svg xmlns=\"http:\/\/www.w3.org\/2000\/svg\" viewBox=\"0 0 1000 100\" preserveAspectRatio=\"none\">\n\t<path class=\"elementor-shape-fill\" d=\"M421.9,6.5c22.6-2.5,51.5,0.4,75.5,5.3c23.6,4.9,70.9,23.5,100.5,35.7c75.8,32.2,133.7,44.5,192.6,49.7\n\tc23.6,2.1,48.7,3.5,103.4-2.5c54.7-6,106.2-25.6,106.2-25.6V0H0v30.3c0,0,72,32.6,158.4,30.5c39.2-0.7,92.8-6.7,134-22.4\n\tc21.2-8.1,52.2-18.2,79.7-24.2C399.3,7.9,411.6,7.5,421.9,6.5z\"\/>\n<\/svg>\t\t<\/div>\n\t\t\t\t<div class=\"elementor-shape elementor-shape-bottom\" aria-hidden=\"true\" data-negative=\"true\">\n\t\t\t<svg xmlns=\"http:\/\/www.w3.org\/2000\/svg\" viewBox=\"0 0 1000 100\" preserveAspectRatio=\"none\">\n\t<path class=\"elementor-shape-fill\" d=\"M790.5,93.1c-59.3-5.3-116.8-18-192.6-50c-29.6-12.7-76.9-31-100.5-35.9c-23.6-4.9-52.6-7.8-75.5-5.3\n\tc-10.2,1.1-22.6,1.4-50.1,7.4c-27.2,6.3-58.2,16.6-79.4,24.7c-41.3,15.9-94.9,21.9-134,22.6C72,58.2,0,25.8,0,25.8V100h1000V65.3\n\tc0,0-51.5,19.4-106.2,25.7C839.5,97,814.1,95.2,790.5,93.1z\"\/>\n<\/svg>\t\t<\/div>\n\t\t<div class=\"elementor-element elementor-element-3d378e1 e-con-full e-flex e-con e-child\" data-id=\"3d378e1\" data-element_type=\"container\">\n\t\t<div class=\"elementor-element elementor-element-97ea639 e-con-full e-flex e-con e-child\" data-id=\"97ea639\" data-element_type=\"container\">\n\t\t\t\t<div class=\"elementor-element elementor-element-30306f3 text-center color-scheme-inherit elementor-widget elementor-widget-text-editor\" data-id=\"30306f3\" data-element_type=\"widget\" data-widget_type=\"text-editor.default\">\n\t\t\t\t<div class=\"elementor-widget-container\">\n\t\t\t\t\t\t\t\t\t<p><strong>Wir handeln sofort<\/strong> \u2013 im Stadtverkehr liefern wir Pakete noch am selben Tag aus, im Inlands- und Auslandsverkehr am Tag nach dem Versand.<\/p>\t\t\t\t\t\t\t\t<\/div>\n\t\t\t\t<\/div>\n\t\t\t\t<\/div>\n\t\t<div class=\"elementor-element elementor-element-68e8cf9 e-con-full e-flex e-con e-child\" data-id=\"68e8cf9\" data-element_type=\"container\">\n\t\t\t\t<div class=\"elementor-element elementor-element-e63be57 text-center color-scheme-inherit elementor-widget elementor-widget-text-editor\" data-id=\"e63be57\" data-element_type=\"widget\" data-widget_type=\"text-editor.default\">\n\t\t\t\t<div class=\"elementor-widget-container\">\n\t\t\t\t\t\t\t\t\t<p>Dank des Sendungsverfolgungssystems wissen Sie jederzeit, wo sich <strong>Ihre Sendung<\/strong> befindet. Volle Kontrolle, keine Missverst\u00e4ndnisse.<\/p>\t\t\t\t\t\t\t\t<\/div>\n\t\t\t\t<\/div>\n\t\t\t\t<\/div>\n\t\t\t\t<\/div>\n\t\t<div class=\"elementor-element elementor-element-c8a0048 e-con-full e-flex e-con e-child\" data-id=\"c8a0048\" data-element_type=\"container\">\n\t\t<div class=\"elementor-element elementor-element-b0f8553 e-con-full e-flex e-con e-child\" data-id=\"b0f8553\" data-element_type=\"container\">\n\t\t\t\t<div class=\"elementor-element elementor-element-b00f019 text-center color-scheme-inherit elementor-widget elementor-widget-text-editor\" data-id=\"b00f019\" data-element_type=\"widget\" data-widget_type=\"text-editor.default\">\n\t\t\t\t<div class=\"elementor-widget-container\">\n\t\t\t\t\t\t\t\t\t<p>Wir liefern <strong>p\u00fcnktlich und sicher<\/strong> \u2013 unabh\u00e4ngig von Ort und Zeit. Ihre Sendung ist bei uns in guten H\u00e4nden.<\/p>\t\t\t\t\t\t\t\t<\/div>\n\t\t\t\t<\/div>\n\t\t\t\t<\/div>\n\t\t<div class=\"elementor-element elementor-element-d54005a e-con-full e-flex e-con e-child\" data-id=\"d54005a\" data-element_type=\"container\">\n\t\t\t\t<div class=\"elementor-element elementor-element-f20d212 text-center color-scheme-inherit elementor-widget elementor-widget-text-editor\" data-id=\"f20d212\" data-element_type=\"widget\" data-widget_type=\"text-editor.default\">\n\t\t\t\t<div class=\"elementor-widget-container\">\n\t\t\t\t\t\t\t\t\t<p class=\"\" data-start=\"862\" data-end=\"1096\">Wir passen uns <strong>Ihren Bed\u00fcrfnissen<\/strong> an \u2013 flexible Abhol- und Lieferzeiten, Sonderbestellungen? Kein Problem.<\/p>\t\t\t\t\t\t\t\t<\/div>\n\t\t\t\t<\/div>\n\t\t\t\t<\/div>\n\t\t\t\t<\/div>\n\t\t\t\t\t<\/div>\n\t\t\t\t<\/div>\n\t\t<div class=\"wd-negative-gap elementor-element elementor-element-4960e06 e-flex e-con-boxed e-con e-parent\" data-id=\"4960e06\" data-element_type=\"container\">\n\t\t\t\t\t<div class=\"e-con-inner\">\n\t\t<div class=\"elementor-element elementor-element-be1bd08 e-con-full e-flex e-con e-child\" data-id=\"be1bd08\" data-element_type=\"container\">\n\t\t\t\t<div class=\"elementor-element elementor-element-a740b4a elementor-widget elementor-widget-heading\" data-id=\"a740b4a\" data-element_type=\"widget\" data-widget_type=\"heading.default\">\n\t\t\t\t<div class=\"elementor-widget-container\">\n\t\t\t\t\t<h2 class=\"elementor-heading-title elementor-size-default\">DCS \u2013 Moderne Spedition und Transport mit Sitz in Pozna\u0144<\/h2>\t\t\t\t<\/div>\n\t\t\t\t<\/div>\n\t\t\t\t<div class=\"elementor-element elementor-element-1a3e6bd text-center color-scheme-inherit elementor-widget elementor-widget-text-editor\" data-id=\"1a3e6bd\" data-element_type=\"widget\" data-widget_type=\"text-editor.default\">\n\t\t\t\t<div class=\"elementor-widget-container\">\n\t\t\t\t\t\t\t\t\t<p>DCS, ein Unternehmen mit Sitz in Pozna\u0144, bietet umfassende Speditions-, Express- und Kurierdienste. Im Gegensatz zu vielen Transportunternehmen, die nur in einem eng definierten Bereich t\u00e4tig sind, legen wir Wert auf Flexibilit\u00e4t, einen individuellen Ansatz und eine umfassende Servicebereitstellung \u2013 von A bis Z.<\/p><p>Wir \u00fcbernehmen jeden Schritt des Prozesses \u2013 von der Warenannahme \u00fcber die professionelle Logistik bis hin zur Zustellung an den Empf\u00e4nger. Wir sind lokal, national und international t\u00e4tig und bieten Ihnen volle Unterst\u00fctzung entlang der gesamten Lieferkette.<\/p>\t\t\t\t\t\t\t\t<\/div>\n\t\t\t\t<\/div>\n\t\t\t\t<div class=\"elementor-element elementor-element-2b5cc8a elementor-widget elementor-widget-wd_button\" data-id=\"2b5cc8a\" data-element_type=\"widget\" data-widget_type=\"wd_button.default\">\n\t\t\t\t<div class=\"elementor-widget-container\">\n\t\t\t\t\t\t\t<div class=\"wd-button-wrapper text-center\" >\n\t\t\t<a class=\"btn btn-style-default btn-shape-rectangle btn-size-default btn-color-primary btn-icon-pos-right\"  href=\"https:\/\/spedycja-dcs.pl\" target=\"_blank\">\n\t\t\t\t<span class=\"wd-btn-text\" data-elementor-setting-key=\"text\">\n\t\t\t\t\tSehen Sie, was wir im Bereich Weiterleitung anbieten\t\t\t\t<\/span>\n\n\t\t\t\t\t\t\t<\/a>\n\t\t<\/div>\n\t\t\t\t\t\t<\/div>\n\t\t\t\t<\/div>\n\t\t\t\t<\/div>\n\t\t<div class=\"elementor-element elementor-element-f236b77 e-con-full e-flex e-con e-child\" data-id=\"f236b77\" data-element_type=\"container\">\n\t\t\t\t<div class=\"elementor-element elementor-element-2a8e078 elementor-widget elementor-widget-image\" data-id=\"2a8e078\" data-element_type=\"widget\" data-widget_type=\"image.default\">\n\t\t\t\t<div class=\"elementor-widget-container\">\n\t\t\t\t\t\t\t\t\t\t\t\t\t\t\t<img decoding=\"async\" width=\"1024\" height=\"576\" src=\"https:\/\/couriers.pl\/wp-content\/uploads\/2025\/04\/transport-kurier-suchy-lod-spedycja-i-transport-1024x576.jpg\" class=\"attachment-large size-large wp-image-1069\" alt=\"\" srcset=\"https:\/\/couriers.pl\/wp-content\/uploads\/2025\/04\/transport-kurier-suchy-lod-spedycja-i-transport-1024x576.jpg 1024w, https:\/\/couriers.pl\/wp-content\/uploads\/2025\/04\/transport-kurier-suchy-lod-spedycja-i-transport-300x169.jpg 300w, https:\/\/couriers.pl\/wp-content\/uploads\/2025\/04\/transport-kurier-suchy-lod-spedycja-i-transport-768x432.jpg 768w, https:\/\/couriers.pl\/wp-content\/uploads\/2025\/04\/transport-kurier-suchy-lod-spedycja-i-transport-1536x864.jpg 1536w, https:\/\/couriers.pl\/wp-content\/uploads\/2025\/04\/transport-kurier-suchy-lod-spedycja-i-transport.jpg 1920w\" sizes=\"(max-width: 1024px) 100vw, 1024px\" \/>\t\t\t\t\t\t\t\t\t\t\t\t\t\t\t<\/div>\n\t\t\t\t<\/div>\n\t\t\t\t<\/div>\n\t\t\t\t\t<\/div>\n\t\t\t\t<\/div>\n\t\t<div class=\"wd-negative-gap elementor-element elementor-element-db57762 e-flex e-con-boxed e-con e-parent\" data-id=\"db57762\" data-element_type=\"container\">\n\t\t\t\t\t<div class=\"e-con-inner\">\n\t\t<div class=\"elementor-element elementor-element-d2a8652 e-con-full e-flex e-con e-child\" data-id=\"d2a8652\" data-element_type=\"container\">\n\t\t\t\t<div class=\"elementor-element elementor-element-12d3163 elementor-widget elementor-widget-heading\" data-id=\"12d3163\" data-element_type=\"widget\" data-widget_type=\"heading.default\">\n\t\t\t\t<div class=\"elementor-widget-container\">\n\t\t\t\t\t<h2 class=\"elementor-heading-title elementor-size-default\">Flotte und Spezialisierung<\/h2>\t\t\t\t<\/div>\n\t\t\t\t<\/div>\n\t\t\t\t<div class=\"elementor-element elementor-element-4038cb0 text-center color-scheme-inherit elementor-widget elementor-widget-text-editor\" data-id=\"4038cb0\" data-element_type=\"widget\" data-widget_type=\"text-editor.default\">\n\t\t\t\t<div class=\"elementor-widget-container\">\n\t\t\t\t\t\t\t\t\t<p>Unsere Spezialit\u00e4t ist der Expresstransport kritischer Sendungen \u2013 Zustellung am Tag nach dem Versand. Wir garantieren P\u00fcnktlichkeit und maximale Ladungssicherheit.<br \/>Egal wohin die Reise geht \u2013 ob nach Deutschland, Belgien, in die Niederlande, nach Frankreich oder in ein anderes Land \u2013 wir sorgen f\u00fcr eine effiziente Organisation und Durchf\u00fchrung des Transports.<\/p><p>Mit DCS transportieren Sie national und international und k\u00f6nnen sicher sein, dass Ihre Sendung sicher und p\u00fcnktlich ankommt.<\/p>\t\t\t\t\t\t\t\t<\/div>\n\t\t\t\t<\/div>\n\t\t\t\t<div class=\"elementor-element elementor-element-6140ecc elementor-widget elementor-widget-image\" data-id=\"6140ecc\" data-element_type=\"widget\" data-widget_type=\"image.default\">\n\t\t\t\t<div class=\"elementor-widget-container\">\n\t\t\t\t\t\t\t\t\t\t\t\t\t\t\t<img decoding=\"async\" width=\"1024\" height=\"576\" src=\"https:\/\/couriers.pl\/wp-content\/uploads\/2025\/04\/transport-kurier-suchy-lod-doswiadczenie-w-transporcie-1024x576.jpg\" class=\"attachment-large size-large wp-image-1078\" alt=\"\" srcset=\"https:\/\/couriers.pl\/wp-content\/uploads\/2025\/04\/transport-kurier-suchy-lod-doswiadczenie-w-transporcie-1024x576.jpg 1024w, https:\/\/couriers.pl\/wp-content\/uploads\/2025\/04\/transport-kurier-suchy-lod-doswiadczenie-w-transporcie-300x169.jpg 300w, https:\/\/couriers.pl\/wp-content\/uploads\/2025\/04\/transport-kurier-suchy-lod-doswiadczenie-w-transporcie-768x432.jpg 768w, https:\/\/couriers.pl\/wp-content\/uploads\/2025\/04\/transport-kurier-suchy-lod-doswiadczenie-w-transporcie-1536x864.jpg 1536w, https:\/\/couriers.pl\/wp-content\/uploads\/2025\/04\/transport-kurier-suchy-lod-doswiadczenie-w-transporcie.jpg 1920w\" sizes=\"(max-width: 1024px) 100vw, 1024px\" \/>\t\t\t\t\t\t\t\t\t\t\t\t\t\t\t<\/div>\n\t\t\t\t<\/div>\n\t\t\t\t<\/div>\n\t\t<div class=\"elementor-element elementor-element-7f23363 e-con-full e-flex e-con e-child\" data-id=\"7f23363\" data-element_type=\"container\">\n\t\t\t\t<div class=\"elementor-element elementor-element-8c9bd7e elementor-widget elementor-widget-heading\" data-id=\"8c9bd7e\" data-element_type=\"widget\" data-widget_type=\"heading.default\">\n\t\t\t\t<div class=\"elementor-widget-container\">\n\t\t\t\t\t<h2 class=\"elementor-heading-title elementor-size-default\">Sammelguttransporte und Mehrwertlogistik<\/h2>\t\t\t\t<\/div>\n\t\t\t\t<\/div>\n\t\t\t\t<div class=\"elementor-element elementor-element-00599fe text-center color-scheme-inherit elementor-widget elementor-widget-text-editor\" data-id=\"00599fe\" data-element_type=\"widget\" data-widget_type=\"text-editor.default\">\n\t\t\t\t<div class=\"elementor-widget-container\">\n\t\t\t\t\t\t\t\t\t<p>Wir bieten Ihnen auch schnelle und sichere Sammelguttransporte. Jedes Paket, das DCS anvertraut wird, wird sorgf\u00e4ltig gesichert, damit es unversehrt am Zielort ankommt.<\/p><p>Dank unserer Expertise und Erfahrung bieten wir Mehrwertlogistik und unterst\u00fctzen unsere Kunden in jeder Phase der Zusammenarbeit. Es geht nicht nur um Transport, sondern um einen umfassenden Service, der auf Vertrauen und Zuverl\u00e4ssigkeit basiert.<\/p>\t\t\t\t\t\t\t\t<\/div>\n\t\t\t\t<\/div>\n\t\t\t\t<div class=\"elementor-element elementor-element-39c2b2d elementor-widget elementor-widget-heading\" data-id=\"39c2b2d\" data-element_type=\"widget\" data-widget_type=\"heading.default\">\n\t\t\t\t<div class=\"elementor-widget-container\">\n\t\t\t\t\t<h2 class=\"elementor-heading-title elementor-size-default\">15 Jahre Erfahrung \u2013 lokal und global<\/h2>\t\t\t\t<\/div>\n\t\t\t\t<\/div>\n\t\t\t\t<div class=\"elementor-element elementor-element-d18a0d6 text-center color-scheme-inherit elementor-widget elementor-widget-text-editor\" data-id=\"d18a0d6\" data-element_type=\"widget\" data-widget_type=\"text-editor.default\">\n\t\t\t\t<div class=\"elementor-widget-container\">\n\t\t\t\t\t\t\t\t\t<p>Wir sind seit \u00fcber 15 Jahren in der Branche t\u00e4tig. Unser Hauptsitz befindet sich in Pozna\u0144, doch wir agieren erfolgreich auf dem europ\u00e4ischen Markt und betreuen Kunden aus verschiedenen L\u00e4ndern.<\/p><p>DCS ist ein modernes Speditionsunternehmen mit langer Tradition. Wir bieten h\u00f6chste Qualit\u00e4t und eine enge, partnerschaftliche Zusammenarbeit auf allen Ebenen: lokal, national und international.<\/p><p><strong>Vertrauen Sie auf Erfahrung. W\u00e4hlen Sie bew\u00e4hrte Transportl\u00f6sungen mit DCS.<\/strong><\/p>\t\t\t\t\t\t\t\t<\/div>\n\t\t\t\t<\/div>\n\t\t\t\t<\/div>\n\t\t\t\t\t<\/div>\n\t\t\t\t<\/div>\n\t\t\t\t<\/div>\n\t\t","protected":false},"excerpt":{"rendered":"<p>Transport International und St\u00fcckgutsendungen Ben\u00f6tigen Sie komplexe Speditionsl\u00f6sungen? Das DCS-Angebot umfasst u.a. Transport International und Transport im Bereich St\u00fcckgutsendungen, angepasst<\/p>\n","protected":false},"author":2,"featured_media":0,"parent":0,"menu_order":0,"comment_status":"closed","ping_status":"closed","template":"","meta":{"footnotes":""},"class_list":["post-1068","page","type-page","status-publish","hentry"],"_links":{"self":[{"href":"https:\/\/couriers.pl\/de\/wp-json\/wp\/v2\/pages\/1068","targetHints":{"allow":["GET"]}}],"collection":[{"href":"https:\/\/couriers.pl\/de\/wp-json\/wp\/v2\/pages"}],"about":[{"href":"https:\/\/couriers.pl\/de\/wp-json\/wp\/v2\/types\/page"}],"author":[{"embeddable":true,"href":"https:\/\/couriers.pl\/de\/wp-json\/wp\/v2\/users\/2"}],"replies":[{"embeddable":true,"href":"https:\/\/couriers.pl\/de\/wp-json\/wp\/v2\/comments?post=1068"}],"version-history":[{"count":4,"href":"https:\/\/couriers.pl\/de\/wp-json\/wp\/v2\/pages\/1068\/revisions"}],"predecessor-version":[{"id":1082,"href":"https:\/\/couriers.pl\/de\/wp-json\/wp\/v2\/pages\/1068\/revisions\/1082"}],"wp:attachment":[{"href":"https:\/\/couriers.pl\/de\/wp-json\/wp\/v2\/media?parent=1068"}],"curies":[{"name":"wp","href":"https:\/\/api.w.org\/{rel}","templated":true}]}}