{"id":1084,"date":"2025-04-22T12:56:36","date_gmt":"2025-04-22T10:56:36","guid":{"rendered":"https:\/\/couriers.pl\/kontakt\/"},"modified":"2026-04-16T11:34:59","modified_gmt":"2026-04-16T09:34:59","slug":"kontakt","status":"publish","type":"page","link":"https:\/\/couriers.pl\/de\/kontakt\/","title":{"rendered":"Kontakt"},"content":{"rendered":"\t\t<div data-elementor-type=\"wp-page\" data-elementor-id=\"1084\" class=\"elementor elementor-1084 elementor-117\" data-elementor-post-type=\"page\">\n\t\t\t\t<div class=\"wd-negative-gap elementor-element elementor-element-02163d8 e-flex e-con-boxed e-con e-parent\" data-id=\"02163d8\" data-element_type=\"container\">\n\t\t\t\t\t<div class=\"e-con-inner\">\n\t\t<div class=\"elementor-element elementor-element-1fd8be3 e-con-full e-flex e-con e-child\" data-id=\"1fd8be3\" data-element_type=\"container\">\n\t\t\t\t<div class=\"elementor-element elementor-element-2c0fee6 elementor-widget elementor-widget-heading\" data-id=\"2c0fee6\" data-element_type=\"widget\" data-widget_type=\"heading.default\">\n\t\t\t\t<div class=\"elementor-widget-container\">\n\t\t\t\t\t<h1 class=\"elementor-heading-title elementor-size-default\">Kontaktieren Sie uns<\/h1>\t\t\t\t<\/div>\n\t\t\t\t<\/div>\n\t\t\t\t<div class=\"elementor-element elementor-element-de8d133 text-center color-scheme-inherit elementor-widget elementor-widget-text-editor\" data-id=\"de8d133\" data-element_type=\"widget\" data-widget_type=\"text-editor.default\">\n\t\t\t\t<div class=\"elementor-widget-container\">\n\t\t\t\t\t\t\t\t\t<p>Haben Sie Fragen zu unserem Angebot, ben\u00f6tigen Sie ein Angebot oder m\u00f6chten Sie die Details unserer Zusammenarbeit besprechen? Wir sind f\u00fcr Sie da.<\/p><p>Unser Team ber\u00e4t Sie gerne, erstellt Ihnen ein individuelles Angebot und beantwortet alle Ihre Anfragen. Schreiben Sie uns, rufen Sie uns an oder nutzen Sie das Formular \u2013 wir melden uns schnell und unkompliziert.<\/p><p><strong>DCS \u2013 effiziente Kommunikation ist der erste Schritt zu zuverl\u00e4ssigem Transport.<\/strong><\/p>\t\t\t\t\t\t\t\t<\/div>\n\t\t\t\t<\/div>\n\t\t\t\t<div class=\"elementor-element elementor-element-8c3cde8 elementor-widget elementor-widget-heading\" data-id=\"8c3cde8\" data-element_type=\"widget\" data-widget_type=\"heading.default\">\n\t\t\t\t<div class=\"elementor-widget-container\">\n\t\t\t\t\t<h2 class=\"elementor-heading-title elementor-size-default\">DCS Domestic Courier Service<\/h2>\t\t\t\t<\/div>\n\t\t\t\t<\/div>\n\t\t<div class=\"elementor-element elementor-element-9ebc4ff e-con-full e-flex e-con e-child\" data-id=\"9ebc4ff\" data-element_type=\"container\">\n\t\t<div class=\"elementor-element elementor-element-d2766d0 e-con-full e-flex e-con e-child\" data-id=\"d2766d0\" data-element_type=\"container\">\n\t\t\t\t<div class=\"elementor-element elementor-element-0c80f13 elementor-align-left elementor-icon-list--layout-traditional elementor-list-item-link-full_width elementor-widget elementor-widget-icon-list\" data-id=\"0c80f13\" data-element_type=\"widget\" data-widget_type=\"icon-list.default\">\n\t\t\t\t<div class=\"elementor-widget-container\">\n\t\t\t\t\t\t\t<ul class=\"elementor-icon-list-items\">\n\t\t\t\t\t\t\t<li class=\"elementor-icon-list-item\">\n\t\t\t\t\t\t\t\t\t\t\t<a href=\"https:\/\/maps.app.goo.gl\/zKVJ43HbgppMPYR39\" target=\"_blank\">\n\n\t\t\t\t\t\t\t\t\t\t\t\t<span class=\"elementor-icon-list-icon\">\n\t\t\t\t\t\t\t<svg aria-hidden=\"true\" class=\"e-font-icon-svg e-fas-map-pin\" viewBox=\"0 0 288 512\" xmlns=\"http:\/\/www.w3.org\/2000\/svg\"><path d=\"M112 316.94v156.69l22.02 33.02c4.75 7.12 15.22 7.12 19.97 0L176 473.63V316.94c-10.39 1.92-21.06 3.06-32 3.06s-21.61-1.14-32-3.06zM144 0C64.47 0 0 64.47 0 144s64.47 144 144 144 144-64.47 144-144S223.53 0 144 0zm0 76c-37.5 0-68 30.5-68 68 0 6.62-5.38 12-12 12s-12-5.38-12-12c0-50.73 41.28-92 92-92 6.62 0 12 5.38 12 12s-5.38 12-12 12z\"><\/path><\/svg>\t\t\t\t\t\t<\/span>\n\t\t\t\t\t\t\t\t\t\t<span class=\"elementor-icon-list-text\">ul. Wilczak 45\/47 61-623 Pozna\u0144<\/span>\n\t\t\t\t\t\t\t\t\t\t\t<\/a>\n\t\t\t\t\t\t\t\t\t<\/li>\n\t\t\t\t\t\t\t\t<li class=\"elementor-icon-list-item\">\n\t\t\t\t\t\t\t\t\t\t\t<a href=\"tel:+48618250432\">\n\n\t\t\t\t\t\t\t\t\t\t\t\t<span class=\"elementor-icon-list-icon\">\n\t\t\t\t\t\t\t<svg aria-hidden=\"true\" class=\"e-font-icon-svg e-fas-phone-alt\" viewBox=\"0 0 512 512\" xmlns=\"http:\/\/www.w3.org\/2000\/svg\"><path d=\"M497.39 361.8l-112-48a24 24 0 0 0-28 6.9l-49.6 60.6A370.66 370.66 0 0 1 130.6 204.11l60.6-49.6a23.94 23.94 0 0 0 6.9-28l-48-112A24.16 24.16 0 0 0 122.6.61l-104 24A24 24 0 0 0 0 48c0 256.5 207.9 464 464 464a24 24 0 0 0 23.4-18.6l24-104a24.29 24.29 0 0 0-14.01-27.6z\"><\/path><\/svg>\t\t\t\t\t\t<\/span>\n\t\t\t\t\t\t\t\t\t\t<span class=\"elementor-icon-list-text\">tel.\u00a0618 250 432<\/span>\n\t\t\t\t\t\t\t\t\t\t\t<\/a>\n\t\t\t\t\t\t\t\t\t<\/li>\n\t\t\t\t\t\t\t\t<li class=\"elementor-icon-list-item\">\n\t\t\t\t\t\t\t\t\t\t\t<a href=\"tel:+48618250937\">\n\n\t\t\t\t\t\t\t\t\t\t\t\t<span class=\"elementor-icon-list-icon\">\n\t\t\t\t\t\t\t<svg aria-hidden=\"true\" class=\"e-font-icon-svg e-fas-phone-alt\" viewBox=\"0 0 512 512\" xmlns=\"http:\/\/www.w3.org\/2000\/svg\"><path d=\"M497.39 361.8l-112-48a24 24 0 0 0-28 6.9l-49.6 60.6A370.66 370.66 0 0 1 130.6 204.11l60.6-49.6a23.94 23.94 0 0 0 6.9-28l-48-112A24.16 24.16 0 0 0 122.6.61l-104 24A24 24 0 0 0 0 48c0 256.5 207.9 464 464 464a24 24 0 0 0 23.4-18.6l24-104a24.29 24.29 0 0 0-14.01-27.6z\"><\/path><\/svg>\t\t\t\t\t\t<\/span>\n\t\t\t\t\t\t\t\t\t\t<span class=\"elementor-icon-list-text\">tel.\/fax.\u00a0618 250 937<\/span>\n\t\t\t\t\t\t\t\t\t\t\t<\/a>\n\t\t\t\t\t\t\t\t\t<\/li>\n\t\t\t\t\t\t\t\t<li class=\"elementor-icon-list-item\">\n\t\t\t\t\t\t\t\t\t\t\t<a href=\"mailto:info@couriers.pl\">\n\n\t\t\t\t\t\t\t\t\t\t\t\t<span class=\"elementor-icon-list-icon\">\n\t\t\t\t\t\t\t<svg aria-hidden=\"true\" class=\"e-font-icon-svg e-fas-envelope-open\" viewBox=\"0 0 512 512\" xmlns=\"http:\/\/www.w3.org\/2000\/svg\"><path d=\"M512 464c0 26.51-21.49 48-48 48H48c-26.51 0-48-21.49-48-48V200.724a48 48 0 0 1 18.387-37.776c24.913-19.529 45.501-35.365 164.2-121.511C199.412 29.17 232.797-.347 256 .003c23.198-.354 56.596 29.172 73.413 41.433 118.687 86.137 139.303 101.995 164.2 121.512A48 48 0 0 1 512 200.724V464zm-65.666-196.605c-2.563-3.728-7.7-4.595-11.339-1.907-22.845 16.873-55.462 40.705-105.582 77.079-16.825 12.266-50.21 41.781-73.413 41.43-23.211.344-56.559-29.143-73.413-41.43-50.114-36.37-82.734-60.204-105.582-77.079-3.639-2.688-8.776-1.821-11.339 1.907l-9.072 13.196a7.998 7.998 0 0 0 1.839 10.967c22.887 16.899 55.454 40.69 105.303 76.868 20.274 14.781 56.524 47.813 92.264 47.573 35.724.242 71.961-32.771 92.263-47.573 49.85-36.179 82.418-59.97 105.303-76.868a7.998 7.998 0 0 0 1.839-10.967l-9.071-13.196z\"><\/path><\/svg>\t\t\t\t\t\t<\/span>\n\t\t\t\t\t\t\t\t\t\t<span class=\"elementor-icon-list-text\">e-mail:\u00a0info@couriers.pl<\/span>\n\t\t\t\t\t\t\t\t\t\t\t<\/a>\n\t\t\t\t\t\t\t\t\t<\/li>\n\t\t\t\t\t\t<\/ul>\n\t\t\t\t\t\t<\/div>\n\t\t\t\t<\/div>\n\t\t\t\t<\/div>\n\t\t<div class=\"elementor-element elementor-element-6212849 e-con-full e-flex e-con e-child\" data-id=\"6212849\" data-element_type=\"container\">\n\t\t\t\t<div class=\"elementor-element elementor-element-0a02aa9 elementor-align-left elementor-icon-list--layout-traditional elementor-list-item-link-full_width elementor-widget elementor-widget-icon-list\" data-id=\"0a02aa9\" data-element_type=\"widget\" data-widget_type=\"icon-list.default\">\n\t\t\t\t<div class=\"elementor-widget-container\">\n\t\t\t\t\t\t\t<ul class=\"elementor-icon-list-items\">\n\t\t\t\t\t\t\t<li class=\"elementor-icon-list-item\">\n\t\t\t\t\t\t\t\t\t\t\t<a href=\"http:\/\/suchylod-dcs.pl\/\" target=\"_blank\">\n\n\t\t\t\t\t\t\t\t\t\t\t\t<span class=\"elementor-icon-list-icon\">\n\t\t\t\t\t\t\t<svg aria-hidden=\"true\" class=\"e-font-icon-svg e-fas-globe\" viewBox=\"0 0 496 512\" xmlns=\"http:\/\/www.w3.org\/2000\/svg\"><path d=\"M336.5 160C322 70.7 287.8 8 248 8s-74 62.7-88.5 152h177zM152 256c0 22.2 1.2 43.5 3.3 64h185.3c2.1-20.5 3.3-41.8 3.3-64s-1.2-43.5-3.3-64H155.3c-2.1 20.5-3.3 41.8-3.3 64zm324.7-96c-28.6-67.9-86.5-120.4-158-141.6 24.4 33.8 41.2 84.7 50 141.6h108zM177.2 18.4C105.8 39.6 47.8 92.1 19.3 160h108c8.7-56.9 25.5-107.8 49.9-141.6zM487.4 192H372.7c2.1 21 3.3 42.5 3.3 64s-1.2 43-3.3 64h114.6c5.5-20.5 8.6-41.8 8.6-64s-3.1-43.5-8.5-64zM120 256c0-21.5 1.2-43 3.3-64H8.6C3.2 212.5 0 233.8 0 256s3.2 43.5 8.6 64h114.6c-2-21-3.2-42.5-3.2-64zm39.5 96c14.5 89.3 48.7 152 88.5 152s74-62.7 88.5-152h-177zm159.3 141.6c71.4-21.2 129.4-73.7 158-141.6h-108c-8.8 56.9-25.6 107.8-50 141.6zM19.3 352c28.6 67.9 86.5 120.4 158 141.6-24.4-33.8-41.2-84.7-50-141.6h-108z\"><\/path><\/svg>\t\t\t\t\t\t<\/span>\n\t\t\t\t\t\t\t\t\t\t<span class=\"elementor-icon-list-text\">suchylod-dcs.pl<\/span>\n\t\t\t\t\t\t\t\t\t\t\t<\/a>\n\t\t\t\t\t\t\t\t\t<\/li>\n\t\t\t\t\t\t\t\t<li class=\"elementor-icon-list-item\">\n\t\t\t\t\t\t\t\t\t\t\t<a href=\"http:\/\/spedycja-dcs.pl\/\" target=\"_blank\">\n\n\t\t\t\t\t\t\t\t\t\t\t\t<span class=\"elementor-icon-list-icon\">\n\t\t\t\t\t\t\t<svg aria-hidden=\"true\" class=\"e-font-icon-svg e-fas-globe\" viewBox=\"0 0 496 512\" xmlns=\"http:\/\/www.w3.org\/2000\/svg\"><path d=\"M336.5 160C322 70.7 287.8 8 248 8s-74 62.7-88.5 152h177zM152 256c0 22.2 1.2 43.5 3.3 64h185.3c2.1-20.5 3.3-41.8 3.3-64s-1.2-43.5-3.3-64H155.3c-2.1 20.5-3.3 41.8-3.3 64zm324.7-96c-28.6-67.9-86.5-120.4-158-141.6 24.4 33.8 41.2 84.7 50 141.6h108zM177.2 18.4C105.8 39.6 47.8 92.1 19.3 160h108c8.7-56.9 25.5-107.8 49.9-141.6zM487.4 192H372.7c2.1 21 3.3 42.5 3.3 64s-1.2 43-3.3 64h114.6c5.5-20.5 8.6-41.8 8.6-64s-3.1-43.5-8.5-64zM120 256c0-21.5 1.2-43 3.3-64H8.6C3.2 212.5 0 233.8 0 256s3.2 43.5 8.6 64h114.6c-2-21-3.2-42.5-3.2-64zm39.5 96c14.5 89.3 48.7 152 88.5 152s74-62.7 88.5-152h-177zm159.3 141.6c71.4-21.2 129.4-73.7 158-141.6h-108c-8.8 56.9-25.6 107.8-50 141.6zM19.3 352c28.6 67.9 86.5 120.4 158 141.6-24.4-33.8-41.2-84.7-50-141.6h-108z\"><\/path><\/svg>\t\t\t\t\t\t<\/span>\n\t\t\t\t\t\t\t\t\t\t<span class=\"elementor-icon-list-text\">spedycja-dcs.pl<\/span>\n\t\t\t\t\t\t\t\t\t\t\t<\/a>\n\t\t\t\t\t\t\t\t\t<\/li>\n\t\t\t\t\t\t<\/ul>\n\t\t\t\t\t\t<\/div>\n\t\t\t\t<\/div>\n\t\t\t\t<\/div>\n\t\t\t\t<\/div>\n\t\t\t\t<\/div>\n\t\t<div class=\"elementor-element elementor-element-094ea77 e-con-full e-flex e-con e-child\" data-id=\"094ea77\" data-element_type=\"container\">\n\t\t\t\t<div class=\"elementor-element elementor-element-8268e48 elementor-button-align-stretch elementor-widget elementor-widget-form\" data-id=\"8268e48\" data-element_type=\"widget\" data-settings=\"{&quot;button_width&quot;:&quot;30&quot;,&quot;step_next_label&quot;:&quot;Nast\\u0119pny&quot;,&quot;step_previous_label&quot;:&quot;Poprzedni&quot;,&quot;step_type&quot;:&quot;number_text&quot;,&quot;step_icon_shape&quot;:&quot;circle&quot;}\" data-widget_type=\"form.default\">\n\t\t\t\t<div class=\"elementor-widget-container\">\n\t\t\t\t\t\t\t<form class=\"elementor-form\" method=\"post\" name=\"Nowy formularz\">\n\t\t\t<input type=\"hidden\" name=\"post_id\" value=\"1084\"\/>\n\t\t\t<input type=\"hidden\" name=\"form_id\" value=\"8268e48\"\/>\n\t\t\t<input type=\"hidden\" name=\"referer_title\" value=\"DCS\" \/>\n\n\t\t\t\n\t\t\t<div class=\"elementor-form-fields-wrapper elementor-labels-above\">\n\t\t\t\t\t\t\t\t<div class=\"elementor-field-type-text elementor-field-group elementor-column elementor-field-group-name elementor-col-100 elementor-field-required\">\n\t\t\t\t\t\t\t\t\t\t\t\t<label for=\"form-field-name\" class=\"elementor-field-label\">\n\t\t\t\t\t\t\t\tName und Nachname\t\t\t\t\t\t\t<\/label>\n\t\t\t\t\t\t\t\t\t\t\t\t\t\t<input size=\"1\" type=\"text\" name=\"form_fields[name]\" id=\"form-field-name\" class=\"elementor-field elementor-size-sm  elementor-field-textual\" placeholder=\"Name und Nachname\" required=\"required\">\n\t\t\t\t\t\t\t\t\t\t\t<\/div>\n\t\t\t\t\t\t\t\t<div class=\"elementor-field-type-tel elementor-field-group elementor-column elementor-field-group-field_490f90d elementor-col-100 elementor-field-required\">\n\t\t\t\t\t\t\t\t\t\t\t\t<label for=\"form-field-field_490f90d\" class=\"elementor-field-label\">\n\t\t\t\t\t\t\t\tTelefon\t\t\t\t\t\t\t<\/label>\n\t\t\t\t\t\t\t\t<input size=\"1\" type=\"tel\" name=\"form_fields[field_490f90d]\" id=\"form-field-field_490f90d\" class=\"elementor-field elementor-size-sm  elementor-field-textual\" placeholder=\"Telefon\" required=\"required\" pattern=\"[0-9()#&amp;+*-=.]+\" title=\"Nur Nummern oder Telefon-Zeichen (#, -, *, etc) werden akzeptiert.\">\n\n\t\t\t\t\t\t<\/div>\n\t\t\t\t\t\t\t\t<div class=\"elementor-field-type-email elementor-field-group elementor-column elementor-field-group-email elementor-col-100 elementor-field-required\">\n\t\t\t\t\t\t\t\t\t\t\t\t<label for=\"form-field-email\" class=\"elementor-field-label\">\n\t\t\t\t\t\t\t\tE-mail\t\t\t\t\t\t\t<\/label>\n\t\t\t\t\t\t\t\t\t\t\t\t\t\t<input size=\"1\" type=\"email\" name=\"form_fields[email]\" id=\"form-field-email\" class=\"elementor-field elementor-size-sm  elementor-field-textual\" placeholder=\"E-mail\" required=\"required\">\n\t\t\t\t\t\t\t\t\t\t\t<\/div>\n\t\t\t\t\t\t\t\t<div class=\"elementor-field-type-textarea elementor-field-group elementor-column elementor-field-group-message elementor-col-100\">\n\t\t\t\t\t\t\t\t\t\t\t\t<label for=\"form-field-message\" class=\"elementor-field-label\">\n\t\t\t\t\t\t\t\tNachricht\t\t\t\t\t\t\t<\/label>\n\t\t\t\t\t\t<textarea class=\"elementor-field-textual elementor-field  elementor-size-sm\" name=\"form_fields[message]\" id=\"form-field-message\" rows=\"4\" placeholder=\"Nachricht\"><\/textarea>\t\t\t\t<\/div>\n\t\t\t\t\t\t\t\t<div class=\"elementor-field-type-acceptance elementor-field-group elementor-column elementor-field-group-field_ba842bc elementor-col-100 elementor-field-required\">\n\t\t\t\t\t\t\t<div class=\"elementor-field-subgroup\">\n\t\t\t<span class=\"elementor-field-option\">\n\t\t\t\t<input type=\"checkbox\" name=\"form_fields[field_ba842bc]\" id=\"form-field-field_ba842bc\" class=\"elementor-field elementor-size-sm  elementor-acceptance-field\" required=\"required\">\n\t\t\t\t<label for=\"form-field-field_ba842bc\">Ich habe die Informationen \u00fcber die Verarbeitung meiner personenbezogenen Daten gelesen.<\/label>\t\t\t<\/span>\n\t\t<\/div>\n\t\t\t\t\t\t<\/div>\n\t\t\t\t\t\t\t\t<div class=\"elementor-field-type-recaptcha_v3 elementor-field-group elementor-column elementor-field-group-field_8c8ce16 elementor-col-100 recaptcha_v3-inline\">\n\t\t\t\t\t<div class=\"elementor-field\" id=\"form-field-field_8c8ce16\"><div class=\"elementor-g-recaptcha\" data-sitekey=\"6Lcdd04rAAAAAIBs39ivlCjqpfe1g3k-P2YXxAuj\" data-type=\"v3\" data-action=\"Form\" data-badge=\"inline\" data-size=\"invisible\"><\/div><\/div>\t\t\t\t<\/div>\n\t\t\t\t\t\t\t\t<div class=\"elementor-field-group elementor-column elementor-field-type-submit elementor-col-30 e-form__buttons\">\n\t\t\t\t\t<button class=\"elementor-button elementor-size-sm\" type=\"submit\">\n\t\t\t\t\t\t<span class=\"elementor-button-content-wrapper\">\n\t\t\t\t\t\t\t\t\t\t\t\t\t\t\t\t\t\t\t\t\t\t<span class=\"elementor-button-text\">Schicken<\/span>\n\t\t\t\t\t\t\t\t\t\t\t\t\t<\/span>\n\t\t\t\t\t<\/button>\n\t\t\t\t<\/div>\n\t\t\t<\/div>\n\t\t<\/form>\n\t\t\t\t\t\t<\/div>\n\t\t\t\t<\/div>\n\t\t\t\t<\/div>\n\t\t\t\t\t<\/div>\n\t\t\t\t<\/div>\n\t\t<div class=\"wd-negative-gap elementor-element elementor-element-ba39e99 wd-section-stretch-content e-flex e-con-boxed e-con e-parent\" data-id=\"ba39e99\" data-element_type=\"container\">\n\t\t\t\t\t<div class=\"e-con-inner\">\n\t\t\t\t<div class=\"elementor-element elementor-element-d053eb9 wd-width-100 elementor-widget elementor-widget-wd_google_map\" data-id=\"d053eb9\" data-element_type=\"widget\" data-widget_type=\"wd_google_map.default\">\n\t\t\t\t<div class=\"elementor-widget-container\">\n\t\t\t\t\t\t\t<div class=\"google-map-container wd-map-container\" data-map-args='{\"multiple_markers\":\"\",\"latitude\":\"52.434436999056985\",\"longitude\":\"16.95403744161925\",\"zoom\":13,\"mouse_zoom\":\"yes\",\"init_type\":\"page_load\",\"init_offset\":\"\",\"json_style\":\"WwogIHsKICAgICJlbGVtZW50VHlwZSI6ICJnZW9tZXRyeSIsCiAgICAic3R5bGVycyI6IFsKICAgICAgewogICAgICAgICJjb2xvciI6ICIjZjVmNWY1IgogICAgICB9CiAgICBdCiAgfSwKICB7CiAgICAiZWxlbWVudFR5cGUiOiAibGFiZWxzLmljb24iLAogICAgInN0eWxlcnMiOiBbCiAgICAgIHsKICAgICAgICAidmlzaWJpbGl0eSI6ICJvZmYiCiAgICAgIH0KICAgIF0KICB9LAogIHsKICAgICJlbGVtZW50VHlwZSI6ICJsYWJlbHMudGV4dC5maWxsIiwKICAgICJzdHlsZXJzIjogWwogICAgICB7CiAgICAgICAgImNvbG9yIjogIiM2MTYxNjEiCiAgICAgIH0KICAgIF0KICB9LAogIHsKICAgICJlbGVtZW50VHlwZSI6ICJsYWJlbHMudGV4dC5zdHJva2UiLAogICAgInN0eWxlcnMiOiBbCiAgICAgIHsKICAgICAgICAiY29sb3IiOiAiI2Y1ZjVmNSIKICAgICAgfQogICAgXQogIH0sCiAgewogICAgImZlYXR1cmVUeXBlIjogImFkbWluaXN0cmF0aXZlLmxhbmRfcGFyY2VsIiwKICAgICJlbGVtZW50VHlwZSI6ICJsYWJlbHMiLAogICAgInN0eWxlcnMiOiBbCiAgICAgIHsKICAgICAgICAidmlzaWJpbGl0eSI6ICJvZmYiCiAgICAgIH0KICAgIF0KICB9LAogIHsKICAgICJmZWF0dXJlVHlwZSI6ICJhZG1pbmlzdHJhdGl2ZS5sYW5kX3BhcmNlbCIsCiAgICAiZWxlbWVudFR5cGUiOiAibGFiZWxzLnRleHQuZmlsbCIsCiAgICAic3R5bGVycyI6IFsKICAgICAgewogICAgICAgICJjb2xvciI6ICIjYmRiZGJkIgogICAgICB9CiAgICBdCiAgfSwKICB7CiAgICAiZmVhdHVyZVR5cGUiOiAicG9pIiwKICAgICJlbGVtZW50VHlwZSI6ICJnZW9tZXRyeSIsCiAgICAic3R5bGVycyI6IFsKICAgICAgewogICAgICAgICJjb2xvciI6ICIjZWVlZWVlIgogICAgICB9CiAgICBdCiAgfSwKICB7CiAgICAiZmVhdHVyZVR5cGUiOiAicG9pIiwKICAgICJlbGVtZW50VHlwZSI6ICJsYWJlbHMudGV4dCIsCiAgICAic3R5bGVycyI6IFsKICAgICAgewogICAgICAgICJ2aXNpYmlsaXR5IjogIm9mZiIKICAgICAgfQogICAgXQogIH0sCiAgewogICAgImZlYXR1cmVUeXBlIjogInBvaSIsCiAgICAiZWxlbWVudFR5cGUiOiAibGFiZWxzLnRleHQuZmlsbCIsCiAgICAic3R5bGVycyI6IFsKICAgICAgewogICAgICAgICJjb2xvciI6ICIjNzU3NTc1IgogICAgICB9CiAgICBdCiAgfSwKICB7CiAgICAiZmVhdHVyZVR5cGUiOiAicG9pLnBhcmsiLAogICAgImVsZW1lbnRUeXBlIjogImdlb21ldHJ5IiwKICAgICJzdHlsZXJzIjogWwogICAgICB7CiAgICAgICAgImNvbG9yIjogIiNlNWU1ZTUiCiAgICAgIH0KICAgIF0KICB9LAogIHsKICAgICJmZWF0dXJlVHlwZSI6ICJwb2kucGFyayIsCiAgICAiZWxlbWVudFR5cGUiOiAibGFiZWxzLnRleHQuZmlsbCIsCiAgICAic3R5bGVycyI6IFsKICAgICAgewogICAgICAgICJjb2xvciI6ICIjOWU5ZTllIgogICAgICB9CiAgICBdCiAgfSwKICB7CiAgICAiZmVhdHVyZVR5cGUiOiAicm9hZCIsCiAgICAiZWxlbWVudFR5cGUiOiAiZ2VvbWV0cnkiLAogICAgInN0eWxlcnMiOiBbCiAgICAgIHsKICAgICAgICAiY29sb3IiOiAiI2ZmZmZmZiIKICAgICAgfQogICAgXQogIH0sCiAgewogICAgImZlYXR1cmVUeXBlIjogInJvYWQuYXJ0ZXJpYWwiLAogICAgImVsZW1lbnRUeXBlIjogImxhYmVscy50ZXh0LmZpbGwiLAogICAgInN0eWxlcnMiOiBbCiAgICAgIHsKICAgICAgICAiY29sb3IiOiAiIzc1NzU3NSIKICAgICAgfQogICAgXQogIH0sCiAgewogICAgImZlYXR1cmVUeXBlIjogInJvYWQuaGlnaHdheSIsCiAgICAiZWxlbWVudFR5cGUiOiAiZ2VvbWV0cnkiLAogICAgInN0eWxlcnMiOiBbCiAgICAgIHsKICAgICAgICAiY29sb3IiOiAiI2RhZGFkYSIKICAgICAgfQogICAgXQogIH0sCiAgewogICAgImZlYXR1cmVUeXBlIjogInJvYWQuaGlnaHdheSIsCiAgICAiZWxlbWVudFR5cGUiOiAibGFiZWxzLnRleHQuZmlsbCIsCiAgICAic3R5bGVycyI6IFsKICAgICAgewogICAgICAgICJjb2xvciI6ICIjNjE2MTYxIgogICAgICB9CiAgICBdCiAgfSwKICB7CiAgICAiZmVhdHVyZVR5cGUiOiAicm9hZC5sb2NhbCIsCiAgICAiZWxlbWVudFR5cGUiOiAibGFiZWxzIiwKICAgICJzdHlsZXJzIjogWwogICAgICB7CiAgICAgICAgInZpc2liaWxpdHkiOiAib2ZmIgogICAgICB9CiAgICBdCiAgfSwKICB7CiAgICAiZmVhdHVyZVR5cGUiOiAicm9hZC5sb2NhbCIsCiAgICAiZWxlbWVudFR5cGUiOiAibGFiZWxzLnRleHQuZmlsbCIsCiAgICAic3R5bGVycyI6IFsKICAgICAgewogICAgICAgICJjb2xvciI6ICIjOWU5ZTllIgogICAgICB9CiAgICBdCiAgfSwKICB7CiAgICAiZmVhdHVyZVR5cGUiOiAidHJhbnNpdC5saW5lIiwKICAgICJlbGVtZW50VHlwZSI6ICJnZW9tZXRyeSIsCiAgICAic3R5bGVycyI6IFsKICAgICAgewogICAgICAgICJjb2xvciI6ICIjZTVlNWU1IgogICAgICB9CiAgICBdCiAgfSwKICB7CiAgICAiZmVhdHVyZVR5cGUiOiAidHJhbnNpdC5zdGF0aW9uIiwKICAgICJlbGVtZW50VHlwZSI6ICJnZW9tZXRyeSIsCiAgICAic3R5bGVycyI6IFsKICAgICAgewogICAgICAgICJjb2xvciI6ICIjZWVlZWVlIgogICAgICB9CiAgICBdCiAgfSwKICB7CiAgICAiZmVhdHVyZVR5cGUiOiAid2F0ZXIiLAogICAgImVsZW1lbnRUeXBlIjogImdlb21ldHJ5IiwKICAgICJzdHlsZXJzIjogWwogICAgICB7CiAgICAgICAgImNvbG9yIjogIiNjOWM5YzkiCiAgICAgIH0KICAgIF0KICB9LAogIHsKICAgICJmZWF0dXJlVHlwZSI6ICJ3YXRlciIsCiAgICAiZWxlbWVudFR5cGUiOiAibGFiZWxzLnRleHQuZmlsbCIsCiAgICAic3R5bGVycyI6IFsKICAgICAgewogICAgICAgICJjb2xvciI6ICIjOWU5ZTllIgogICAgICB9CiAgICBdCiAgfQpd\",\"marker_icon\":\"https:\\\/\\\/couriers.pl\\\/wp-content\\\/themes\\\/woodmart\\\/inc\\\/admin\\\/assets\\\/images\\\/google-icon.png\",\"marker_icon_size\":\"\",\"elementor\":true,\"marker_text_needed\":\"no\",\"marker_text\":\"<h3 style=\\\"min-width:300px; text-align:center; margin:15px;\\\"><\\\/h3>\",\"selector\":\"wd-map-id-69e443f50a8fe\",\"markers\":null,\"center\":\"\"}'>\n\n\t\t\t\n\t\t\t\n\t\t\t<div class=\"wd-google-map-wrapper wd-map-wrapper wd-fill\">\n\t\t\t\t<div id=\"wd-map-id-69e443f50a8fe\" class=\"wd-google-map without-content wd-fill\"><\/div>\n\t\t\t<\/div>\n\n\t\t\t\t\t<\/div>\n\t\t\t\t\t\t<\/div>\n\t\t\t\t<\/div>\n\t\t\t\t\t<\/div>\n\t\t\t\t<\/div>\n\t\t\t\t<\/div>\n\t\t","protected":false},"excerpt":{"rendered":"<p>Kontaktieren Sie uns Haben Sie Fragen zu unserem Angebot, ben\u00f6tigen Sie ein Angebot oder m\u00f6chten Sie die Details unserer Zusammenarbeit<\/p>\n","protected":false},"author":2,"featured_media":0,"parent":0,"menu_order":0,"comment_status":"closed","ping_status":"closed","template":"","meta":{"footnotes":""},"class_list":["post-1084","page","type-page","status-publish","hentry"],"_links":{"self":[{"href":"https:\/\/couriers.pl\/de\/wp-json\/wp\/v2\/pages\/1084","targetHints":{"allow":["GET"]}}],"collection":[{"href":"https:\/\/couriers.pl\/de\/wp-json\/wp\/v2\/pages"}],"about":[{"href":"https:\/\/couriers.pl\/de\/wp-json\/wp\/v2\/types\/page"}],"author":[{"embeddable":true,"href":"https:\/\/couriers.pl\/de\/wp-json\/wp\/v2\/users\/2"}],"replies":[{"embeddable":true,"href":"https:\/\/couriers.pl\/de\/wp-json\/wp\/v2\/comments?post=1084"}],"version-history":[{"count":3,"href":"https:\/\/couriers.pl\/de\/wp-json\/wp\/v2\/pages\/1084\/revisions"}],"predecessor-version":[{"id":1092,"href":"https:\/\/couriers.pl\/de\/wp-json\/wp\/v2\/pages\/1084\/revisions\/1092"}],"wp:attachment":[{"href":"https:\/\/couriers.pl\/de\/wp-json\/wp\/v2\/media?parent=1084"}],"curies":[{"name":"wp","href":"https:\/\/api.w.org\/{rel}","templated":true}]}}