{"id":886,"date":"2025-04-11T12:07:19","date_gmt":"2025-04-11T10:07:19","guid":{"rendered":"https:\/\/couriers.pl\/home\/"},"modified":"2025-04-11T12:07:19","modified_gmt":"2025-04-11T10:07:19","slug":"home","status":"publish","type":"page","link":"https:\/\/couriers.pl\/de\/","title":{"rendered":"Home"},"content":{"rendered":"\t\t<div data-elementor-type=\"wp-page\" data-elementor-id=\"886\" class=\"elementor elementor-886 elementor-16\" data-elementor-post-type=\"page\">\n\t\t\t\t<div class=\"wd-negative-gap elementor-element elementor-element-940df9d wd-section-stretch-content e-flex e-con-boxed e-con e-parent\" data-id=\"940df9d\" data-element_type=\"container\" id=\"down\" data-settings=\"{&quot;background_background&quot;:&quot;classic&quot;,&quot;shape_divider_bottom&quot;:&quot;waves&quot;,&quot;shape_divider_bottom_negative&quot;:&quot;yes&quot;}\">\n\t\t\t\t\t<div class=\"e-con-inner\">\n\t\t\t\t<div class=\"elementor-shape elementor-shape-bottom\" aria-hidden=\"true\" data-negative=\"true\">\n\t\t\t<svg xmlns=\"http:\/\/www.w3.org\/2000\/svg\" viewBox=\"0 0 1000 100\" preserveAspectRatio=\"none\">\n\t<path class=\"elementor-shape-fill\" d=\"M790.5,93.1c-59.3-5.3-116.8-18-192.6-50c-29.6-12.7-76.9-31-100.5-35.9c-23.6-4.9-52.6-7.8-75.5-5.3\n\tc-10.2,1.1-22.6,1.4-50.1,7.4c-27.2,6.3-58.2,16.6-79.4,24.7c-41.3,15.9-94.9,21.9-134,22.6C72,58.2,0,25.8,0,25.8V100h1000V65.3\n\tc0,0-51.5,19.4-106.2,25.7C839.5,97,814.1,95.2,790.5,93.1z\"\/>\n<\/svg>\t\t<\/div>\n\t\t<div class=\"elementor-element elementor-element-e5dae85 e-con-full e-flex e-con e-child\" data-id=\"e5dae85\" data-element_type=\"container\">\n\t\t<div class=\"elementor-element elementor-element-8cd9f1c e-con-full e-flex e-con e-child\" data-id=\"8cd9f1c\" data-element_type=\"container\">\n\t\t\t\t<div class=\"elementor-element elementor-element-82515d6 elementor-flip-box--effect-fade elementor-widget elementor-widget-flip-box\" data-id=\"82515d6\" data-element_type=\"widget\" data-widget_type=\"flip-box.default\">\n\t\t\t\t<div class=\"elementor-widget-container\">\n\t\t\t\t\t\t\t<div class=\"elementor-flip-box\" tabindex=\"0\">\n\t\t\t<div class=\"elementor-flip-box__layer elementor-flip-box__front\">\n\t\t\t\t<div class=\"elementor-flip-box__layer__overlay\">\n\t\t\t\t\t<div class=\"elementor-flip-box__layer__inner\">\n\t\t\t\t\t\t\n\t\t\t\t\t\t\t\t\t\t\t\t\t<h2 class=\"elementor-flip-box__layer__title\">\n\t\t\t\t\t\t\t\tUs\u0142ugi spedycyjne\t\t\t\t\t\t\t<\/h2>\n\t\t\t\t\t\t\n\t\t\t\t\t\t\t\t\t\t\t<\/div>\n\t\t\t\t<\/div>\n\t\t\t<\/div>\n\t\t\t<div class=\"elementor-flip-box__layer elementor-flip-box__back\">\n\t\t\t<div class=\"elementor-flip-box__layer__overlay\">\n\t\t\t\t<div class=\"elementor-flip-box__layer__inner\">\n\t\t\t\t\t\t\t\t\t\t\t<h2 class=\"elementor-flip-box__layer__title\">\n\t\t\t\t\t\t\tUs\u0142ugi spedycyjne\t\t\t\t\t\t<\/h2>\n\t\t\t\t\t\n\t\t\t\t\t\t\t\t\t\t\t<div class=\"elementor-flip-box__layer__description\">\n\t\t\t\t\t\t\tTransport mi\u0119dzynarodowy i przesy\u0142ki drobnicowe\ndopasowane do Pa\u0144stwa potrzeb.\t\t\t\t\t\t<\/div>\n\t\t\t\t\t\n\t\t\t\t\t\t\t\t\t\t\t<a class=\"elementor-flip-box__button elementor-button elementor-size-sm\" href=\"\/uslugi-spedycyjne\/\">\n\t\t\t\t\t\t\tWi\u0119cej\t\t\t\t\t\t<\/a>\n\t\t\t\t\t\t\t\t<\/div>\n\t\t<\/div>\n\t\t<\/div>\n\t\t<\/div>\n\t\t\t\t\t\t<\/div>\n\t\t\t\t<\/div>\n\t\t\t\t<\/div>\n\t\t<div class=\"elementor-element elementor-element-4652762 e-con-full e-flex e-con e-child\" data-id=\"4652762\" data-element_type=\"container\">\n\t\t\t\t<div class=\"elementor-element elementor-element-72dd3a0 elementor-flip-box--effect-fade elementor-widget elementor-widget-flip-box\" data-id=\"72dd3a0\" data-element_type=\"widget\" data-widget_type=\"flip-box.default\">\n\t\t\t\t<div class=\"elementor-widget-container\">\n\t\t\t\t\t\t\t<div class=\"elementor-flip-box\" tabindex=\"0\">\n\t\t\t<div class=\"elementor-flip-box__layer elementor-flip-box__front\">\n\t\t\t\t<div class=\"elementor-flip-box__layer__overlay\">\n\t\t\t\t\t<div class=\"elementor-flip-box__layer__inner\">\n\t\t\t\t\t\t\n\t\t\t\t\t\t\t\t\t\t\t\t\t<h2 class=\"elementor-flip-box__layer__title\">\n\t\t\t\t\t\t\t\tPrzesy\u0142ki miejskie - Pozna\u0144\t\t\t\t\t\t\t<\/h2>\n\t\t\t\t\t\t\n\t\t\t\t\t\t\t\t\t\t\t<\/div>\n\t\t\t\t<\/div>\n\t\t\t<\/div>\n\t\t\t<div class=\"elementor-flip-box__layer elementor-flip-box__back\">\n\t\t\t<div class=\"elementor-flip-box__layer__overlay\">\n\t\t\t\t<div class=\"elementor-flip-box__layer__inner\">\n\t\t\t\t\t\t\t\t\t\t\t<h2 class=\"elementor-flip-box__layer__title\">\n\t\t\t\t\t\t\tPrzesy\u0142ki miejskie - Pozna\u0144\t\t\t\t\t\t<\/h2>\n\t\t\t\t\t\n\t\t\t\t\t\t\t\t\t\t\t<div class=\"elementor-flip-box__layer__description\">\n\t\t\t\t\t\t\tSzybki kurier miejski w Poznaniu i okolicach.\nDostawa nawet za godzin\u0119.\t\t\t\t\t\t<\/div>\n\t\t\t\t\t\n\t\t\t\t\t\t\t\t\t\t\t<a class=\"elementor-flip-box__button elementor-button elementor-size-sm\" href=\"\/przesylki-miejskie\/\">\n\t\t\t\t\t\t\tWi\u0119cej\t\t\t\t\t\t<\/a>\n\t\t\t\t\t\t\t\t<\/div>\n\t\t<\/div>\n\t\t<\/div>\n\t\t<\/div>\n\t\t\t\t\t\t<\/div>\n\t\t\t\t<\/div>\n\t\t\t\t<\/div>\n\t\t\t\t<\/div>\n\t\t<div class=\"elementor-element elementor-element-57ac1f5 e-con-full e-flex e-con e-child\" data-id=\"57ac1f5\" data-element_type=\"container\">\n\t\t<div class=\"elementor-element elementor-element-b3deab4 e-con-full e-flex e-con e-child\" data-id=\"b3deab4\" data-element_type=\"container\">\n\t\t\t\t<div class=\"elementor-element elementor-element-bba8d4b elementor-flip-box--effect-fade elementor-widget elementor-widget-flip-box\" data-id=\"bba8d4b\" data-element_type=\"widget\" data-widget_type=\"flip-box.default\">\n\t\t\t\t<div class=\"elementor-widget-container\">\n\t\t\t\t\t\t\t<div class=\"elementor-flip-box\" tabindex=\"0\">\n\t\t\t<div class=\"elementor-flip-box__layer elementor-flip-box__front\">\n\t\t\t\t<div class=\"elementor-flip-box__layer__overlay\">\n\t\t\t\t\t<div class=\"elementor-flip-box__layer__inner\">\n\t\t\t\t\t\t\n\t\t\t\t\t\t\t\t\t\t\t\t\t<h2 class=\"elementor-flip-box__layer__title\">\n\t\t\t\t\t\t\t\tPrzesy\u0142ki w suchym lodzie\t\t\t\t\t\t\t<\/h2>\n\t\t\t\t\t\t\n\t\t\t\t\t\t\t\t\t\t\t<\/div>\n\t\t\t\t<\/div>\n\t\t\t<\/div>\n\t\t\t<div class=\"elementor-flip-box__layer elementor-flip-box__back\">\n\t\t\t<div class=\"elementor-flip-box__layer__overlay\">\n\t\t\t\t<div class=\"elementor-flip-box__layer__inner\">\n\t\t\t\t\t\t\t\t\t\t\t<h2 class=\"elementor-flip-box__layer__title\">\n\t\t\t\t\t\t\tPrzesy\u0142ki w suchym lodzie\t\t\t\t\t\t<\/h2>\n\t\t\t\t\t\n\t\t\t\t\t\t\t\t\t\t\t<div class=\"elementor-flip-box__layer__description\">\n\t\t\t\t\t\t\tTransport w niskiej temperaturze.\n\u017bywno\u015b\u0107, przesy\u0142ki medyczne i biologiczne.\t\t\t\t\t\t<\/div>\n\t\t\t\t\t\n\t\t\t\t\t\t\t\t\t\t\t<a class=\"elementor-flip-box__button elementor-button elementor-size-sm\" href=\"\/przesylki-w-suchym-lodzie\/\">\n\t\t\t\t\t\t\tWi\u0119cej\t\t\t\t\t\t<\/a>\n\t\t\t\t\t\t\t\t<\/div>\n\t\t<\/div>\n\t\t<\/div>\n\t\t<\/div>\n\t\t\t\t\t\t<\/div>\n\t\t\t\t<\/div>\n\t\t\t\t<\/div>\n\t\t<div class=\"elementor-element elementor-element-9cc20f2 e-con-full e-flex e-con e-child\" data-id=\"9cc20f2\" data-element_type=\"container\">\n\t\t\t\t<div class=\"elementor-element elementor-element-7d1e6eb elementor-flip-box--effect-fade elementor-widget elementor-widget-flip-box\" data-id=\"7d1e6eb\" data-element_type=\"widget\" data-widget_type=\"flip-box.default\">\n\t\t\t\t<div class=\"elementor-widget-container\">\n\t\t\t\t\t\t\t<div class=\"elementor-flip-box\" tabindex=\"0\">\n\t\t\t<div class=\"elementor-flip-box__layer elementor-flip-box__front\">\n\t\t\t\t<div class=\"elementor-flip-box__layer__overlay\">\n\t\t\t\t\t<div class=\"elementor-flip-box__layer__inner\">\n\t\t\t\t\t\t\n\t\t\t\t\t\t\t\t\t\t\t\t\t<h2 class=\"elementor-flip-box__layer__title\">\n\t\t\t\t\t\t\t\tPrzesy\u0142ki krajowe\t\t\t\t\t\t\t<\/h2>\n\t\t\t\t\t\t\n\t\t\t\t\t\t\t\t\t\t\t<\/div>\n\t\t\t\t<\/div>\n\t\t\t<\/div>\n\t\t\t<div class=\"elementor-flip-box__layer elementor-flip-box__back\">\n\t\t\t<div class=\"elementor-flip-box__layer__overlay\">\n\t\t\t\t<div class=\"elementor-flip-box__layer__inner\">\n\t\t\t\t\t\t\t\t\t\t\t<h2 class=\"elementor-flip-box__layer__title\">\n\t\t\t\t\t\t\tPrzesy\u0142ki krajowe\t\t\t\t\t\t<\/h2>\n\t\t\t\t\t\n\t\t\t\t\t\t\t\t\t\t\t<div class=\"elementor-flip-box__layer__description\">\n\t\t\t\t\t\t\tNiezawodny kurier krajowy.\nPozna\u0144ska solidno\u015b\u0107 w dostawie na ca\u0142y kraj.\t\t\t\t\t\t<\/div>\n\t\t\t\t\t\n\t\t\t\t\t\t\t\t\t\t\t<a class=\"elementor-flip-box__button elementor-button elementor-size-sm\" href=\"\/przesylki-krajowe\/\">\n\t\t\t\t\t\t\tWi\u0119cej\t\t\t\t\t\t<\/a>\n\t\t\t\t\t\t\t\t<\/div>\n\t\t<\/div>\n\t\t<\/div>\n\t\t<\/div>\n\t\t\t\t\t\t<\/div>\n\t\t\t\t<\/div>\n\t\t\t\t<\/div>\n\t\t\t\t<\/div>\n\t\t<div class=\"elementor-element elementor-element-b5bf47a e-con-full e-flex e-con e-child\" data-id=\"b5bf47a\" data-element_type=\"container\">\n\t\t<div class=\"elementor-element elementor-element-7d4553a e-con-full e-flex e-con e-child\" data-id=\"7d4553a\" data-element_type=\"container\">\n\t\t\t\t<div class=\"elementor-element elementor-element-29f25bc elementor-flip-box--effect-fade elementor-widget elementor-widget-flip-box\" data-id=\"29f25bc\" data-element_type=\"widget\" data-widget_type=\"flip-box.default\">\n\t\t\t\t<div class=\"elementor-widget-container\">\n\t\t\t\t\t\t\t<div class=\"elementor-flip-box\" tabindex=\"0\">\n\t\t\t<div class=\"elementor-flip-box__layer elementor-flip-box__front\">\n\t\t\t\t<div class=\"elementor-flip-box__layer__overlay\">\n\t\t\t\t\t<div class=\"elementor-flip-box__layer__inner\">\n\t\t\t\t\t\t\n\t\t\t\t\t\t\t\t\t\t\t\t\t<h2 class=\"elementor-flip-box__layer__title\">\n\t\t\t\t\t\t\t\tPrzesy\u0142ki mi\u0119dzynarodowe\t\t\t\t\t\t\t<\/h2>\n\t\t\t\t\t\t\n\t\t\t\t\t\t\t\t\t\t\t<\/div>\n\t\t\t\t<\/div>\n\t\t\t<\/div>\n\t\t\t<div class=\"elementor-flip-box__layer elementor-flip-box__back\">\n\t\t\t<div class=\"elementor-flip-box__layer__overlay\">\n\t\t\t\t<div class=\"elementor-flip-box__layer__inner\">\n\t\t\t\t\t\t\t\t\t\t\t<h2 class=\"elementor-flip-box__layer__title\">\n\t\t\t\t\t\t\tPrzesy\u0142ki mi\u0119dzynarodowe\t\t\t\t\t\t<\/h2>\n\t\t\t\t\t\n\t\t\t\t\t\t\t\t\t\t\t<div class=\"elementor-flip-box__layer__description\">\n\t\t\t\t\t\t\tSzybkie przesy\u0142ki drogowe na terenie Unii Europejskiej\ni lotnicze na ca\u0142y \u015bwiat.\t\t\t\t\t\t<\/div>\n\t\t\t\t\t\n\t\t\t\t\t\t\t\t\t\t\t<a class=\"elementor-flip-box__button elementor-button elementor-size-sm\" href=\"\/przesylki-miedzynarodowe\/\">\n\t\t\t\t\t\t\tWi\u0119cej\t\t\t\t\t\t<\/a>\n\t\t\t\t\t\t\t\t<\/div>\n\t\t<\/div>\n\t\t<\/div>\n\t\t<\/div>\n\t\t\t\t\t\t<\/div>\n\t\t\t\t<\/div>\n\t\t\t\t<\/div>\n\t\t<div class=\"elementor-element elementor-element-e02ad96 e-con-full e-flex e-con e-child\" data-id=\"e02ad96\" data-element_type=\"container\">\n\t\t\t\t<div class=\"elementor-element elementor-element-f1b1f27 elementor-flip-box--effect-fade elementor-widget elementor-widget-flip-box\" data-id=\"f1b1f27\" data-element_type=\"widget\" data-widget_type=\"flip-box.default\">\n\t\t\t\t<div class=\"elementor-widget-container\">\n\t\t\t\t\t\t\t<div class=\"elementor-flip-box\" tabindex=\"0\">\n\t\t\t<div class=\"elementor-flip-box__layer elementor-flip-box__front\">\n\t\t\t\t<div class=\"elementor-flip-box__layer__overlay\">\n\t\t\t\t\t<div class=\"elementor-flip-box__layer__inner\">\n\t\t\t\t\t\t\n\t\t\t\t\t\t\t\t\t\t\t\t\t<h2 class=\"elementor-flip-box__layer__title\">\n\t\t\t\t\t\t\t\tWyce\u0144 us\u0142ug\u0119\t\t\t\t\t\t\t<\/h2>\n\t\t\t\t\t\t\n\t\t\t\t\t\t\t\t\t\t\t<\/div>\n\t\t\t\t<\/div>\n\t\t\t<\/div>\n\t\t\t<div class=\"elementor-flip-box__layer elementor-flip-box__back\">\n\t\t\t<div class=\"elementor-flip-box__layer__overlay\">\n\t\t\t\t<div class=\"elementor-flip-box__layer__inner\">\n\t\t\t\t\t\t\t\t\t\t\t<h2 class=\"elementor-flip-box__layer__title\">\n\t\t\t\t\t\t\tWyce\u0144 us\u0142ug\u0119\t\t\t\t\t\t<\/h2>\n\t\t\t\t\t\n\t\t\t\t\t\n\t\t\t\t\t\t\t\t\t\t\t<a class=\"elementor-flip-box__button elementor-button elementor-size-sm\" href=\"\/wycen-usluge\/\">\n\t\t\t\t\t\t\tWi\u0119cej\t\t\t\t\t\t<\/a>\n\t\t\t\t\t\t\t\t<\/div>\n\t\t<\/div>\n\t\t<\/div>\n\t\t<\/div>\n\t\t\t\t\t\t<\/div>\n\t\t\t\t<\/div>\n\t\t\t\t<\/div>\n\t\t\t\t<\/div>\n\t\t\t\t\t<\/div>\n\t\t\t\t<\/div>\n\t\t<div class=\"wd-negative-gap elementor-element elementor-element-150cedb e-flex e-con-boxed e-con e-parent\" data-id=\"150cedb\" data-element_type=\"container\">\n\t\t\t\t\t<div class=\"e-con-inner\">\n\t\t<div class=\"elementor-element elementor-element-ca391c1 e-con-full e-flex e-con e-child\" data-id=\"ca391c1\" data-element_type=\"container\">\n\t\t\t\t<div class=\"elementor-element elementor-element-eb3a3c4 elementor-widget elementor-widget-heading\" data-id=\"eb3a3c4\" data-element_type=\"widget\" data-widget_type=\"heading.default\">\n\t\t\t\t<div class=\"elementor-widget-container\">\n\t\t\t\t\t<h2 class=\"elementor-heading-title elementor-size-default\">Sprawdzony partner w zakresie transportu!<\/h2>\t\t\t\t<\/div>\n\t\t\t\t<\/div>\n\t\t\t\t<div class=\"elementor-element elementor-element-af719bf text-center color-scheme-inherit elementor-widget elementor-widget-text-editor\" data-id=\"af719bf\" data-element_type=\"widget\" data-widget_type=\"text-editor.default\">\n\t\t\t\t<div class=\"elementor-widget-container\">\n\t\t\t\t\t\t\t\t\t<p>Nasza firma transportowa mo\u017ce pochwali\u0107 si\u0119 wieloletnim do\u015bwiadczeniem, kt\u00f3re pozwala spe\u0142nia\u0107 najbardziej wyg\u00f3rowane oczekiwania Klient\u00f3w. Niezale\u017cnie od tego, jakie zlecenie przyjdzie nam realizowa\u0107, zawsze dzia\u0142amy z pe\u0142nym zaanga\u017cowaniem oraz dopasowujemy si\u0119 do potrzeb wsp\u00f3\u0142pracuj\u0105cych z nami os\u00f3b. Z uwagi na \u015bwietnie wykwalifikowan\u0105 kadr\u0119 pracownicz\u0105 oraz rozwini\u0119te zaplecze techniczne, firma logistyczna DCS z Poznania oferuje szeroki zakres us\u0142ug transportowych ciesz\u0105cych si\u0119 du\u017cym zainteresowaniem zar\u00f3wno w kraju, jak i za granic\u0105.<\/p>\t\t\t\t\t\t\t\t<\/div>\n\t\t\t\t<\/div>\n\t\t\t\t<\/div>\n\t\t<div class=\"elementor-element elementor-element-9b3b342 e-con-full e-flex e-con e-child\" data-id=\"9b3b342\" data-element_type=\"container\">\n\t\t\t\t<div class=\"elementor-element elementor-element-0627e50 elementor-widget elementor-widget-heading\" data-id=\"0627e50\" data-element_type=\"widget\" data-widget_type=\"heading.default\">\n\t\t\t\t<div class=\"elementor-widget-container\">\n\t\t\t\t\t<h2 class=\"elementor-heading-title elementor-size-default\">Sprawd\u017a przesy\u0142k\u0119<\/h2>\t\t\t\t<\/div>\n\t\t\t\t<\/div>\n\t\t\t\t<div class=\"elementor-element elementor-element-c461271 text-center color-scheme-inherit elementor-widget elementor-widget-text-editor\" data-id=\"c461271\" data-element_type=\"widget\" data-widget_type=\"text-editor.default\">\n\t\t\t\t<div class=\"elementor-widget-container\">\n\t\t\t\t\t\t\t\t\t<p>    <div class=\"courier-tracker-widget\">\r\n        <form class=\"courier-tracker-form\" method=\"post\">\r\n            <input type=\"text\" name=\"courier_number\" placeholder=\"Numer przesy\u0142ki\">\r\n            <button type=\"submit\">Sprawd\u017a<\/button>\r\n        <\/form>\r\n        <div class=\"courier-tracker-result\"><\/div>\r\n    <\/div>\r\n    <\/p>\t\t\t\t\t\t\t\t<\/div>\n\t\t\t\t<\/div>\n\t\t\t\t<\/div>\n\t\t\t\t\t<\/div>\n\t\t\t\t<\/div>\n\t\t<div class=\"wd-negative-gap elementor-element elementor-element-1eed9ee wd-section-stretch-content e-flex e-con-boxed e-con e-parent\" data-id=\"1eed9ee\" data-element_type=\"container\" data-settings=\"{&quot;background_background&quot;:&quot;classic&quot;,&quot;shape_divider_top&quot;:&quot;waves&quot;,&quot;shape_divider_bottom&quot;:&quot;waves&quot;,&quot;shape_divider_bottom_negative&quot;:&quot;yes&quot;}\">\n\t\t\t\t\t<div class=\"e-con-inner\">\n\t\t\t\t<div class=\"elementor-shape elementor-shape-top\" aria-hidden=\"true\" data-negative=\"false\">\n\t\t\t<svg xmlns=\"http:\/\/www.w3.org\/2000\/svg\" viewBox=\"0 0 1000 100\" preserveAspectRatio=\"none\">\n\t<path class=\"elementor-shape-fill\" d=\"M421.9,6.5c22.6-2.5,51.5,0.4,75.5,5.3c23.6,4.9,70.9,23.5,100.5,35.7c75.8,32.2,133.7,44.5,192.6,49.7\n\tc23.6,2.1,48.7,3.5,103.4-2.5c54.7-6,106.2-25.6,106.2-25.6V0H0v30.3c0,0,72,32.6,158.4,30.5c39.2-0.7,92.8-6.7,134-22.4\n\tc21.2-8.1,52.2-18.2,79.7-24.2C399.3,7.9,411.6,7.5,421.9,6.5z\"\/>\n<\/svg>\t\t<\/div>\n\t\t\t\t<div class=\"elementor-shape elementor-shape-bottom\" aria-hidden=\"true\" data-negative=\"true\">\n\t\t\t<svg xmlns=\"http:\/\/www.w3.org\/2000\/svg\" viewBox=\"0 0 1000 100\" preserveAspectRatio=\"none\">\n\t<path class=\"elementor-shape-fill\" d=\"M790.5,93.1c-59.3-5.3-116.8-18-192.6-50c-29.6-12.7-76.9-31-100.5-35.9c-23.6-4.9-52.6-7.8-75.5-5.3\n\tc-10.2,1.1-22.6,1.4-50.1,7.4c-27.2,6.3-58.2,16.6-79.4,24.7c-41.3,15.9-94.9,21.9-134,22.6C72,58.2,0,25.8,0,25.8V100h1000V65.3\n\tc0,0-51.5,19.4-106.2,25.7C839.5,97,814.1,95.2,790.5,93.1z\"\/>\n<\/svg>\t\t<\/div>\n\t\t<div class=\"elementor-element elementor-element-c067ed3 e-con-full e-flex e-con e-child\" data-id=\"c067ed3\" data-element_type=\"container\">\n\t\t<div class=\"elementor-element elementor-element-0d0133e e-con-full e-flex e-con e-child\" data-id=\"0d0133e\" data-element_type=\"container\">\n\t\t\t\t<div class=\"elementor-element elementor-element-8e5f9f1 elementor-widget elementor-widget-heading\" data-id=\"8e5f9f1\" data-element_type=\"widget\" data-widget_type=\"heading.default\">\n\t\t\t\t<div class=\"elementor-widget-container\">\n\t\t\t\t\t<h4 class=\"elementor-heading-title elementor-size-default\">Us\u0142ugi<\/h4>\t\t\t\t<\/div>\n\t\t\t\t<\/div>\n\t\t\t\t<div class=\"elementor-element elementor-element-b58bfc3 text-center color-scheme-inherit elementor-widget elementor-widget-text-editor\" data-id=\"b58bfc3\" data-element_type=\"widget\" data-widget_type=\"text-editor.default\">\n\t\t\t\t<div class=\"elementor-widget-container\">\n\t\t\t\t\t\t\t\t\t<p>Szybkie i niezawodne przesy\u0142ki na Pozna\u0144, Polsk\u0119 i ca\u0142y \u015bwiat. Dostawa na terenie Unii Europejskiej ju\u017c w 24 godziny od momentu nadania.<\/p>\t\t\t\t\t\t\t\t<\/div>\n\t\t\t\t<\/div>\n\t\t\t\t<\/div>\n\t\t<div class=\"elementor-element elementor-element-c038cfd e-con-full e-flex e-con e-child\" data-id=\"c038cfd\" data-element_type=\"container\">\n\t\t\t\t<div class=\"elementor-element elementor-element-dd445c5 elementor-widget elementor-widget-heading\" data-id=\"dd445c5\" data-element_type=\"widget\" data-widget_type=\"heading.default\">\n\t\t\t\t<div class=\"elementor-widget-container\">\n\t\t\t\t\t<h4 class=\"elementor-heading-title elementor-size-default\">Technologia<\/h4>\t\t\t\t<\/div>\n\t\t\t\t<\/div>\n\t\t\t\t<div class=\"elementor-element elementor-element-11a1501 text-center color-scheme-inherit elementor-widget elementor-widget-text-editor\" data-id=\"11a1501\" data-element_type=\"widget\" data-widget_type=\"text-editor.default\">\n\t\t\t\t<div class=\"elementor-widget-container\">\n\t\t\t\t\t\t\t\t\t<p>Innowacyjna, bezp\u0142atna i \u0142atwa w obs\u0142udze aplikacja do obs\u0142ugi przesy\u0142ek on-line. Dost\u0119pna w j\u0119zyku polskim angielskim i niemieckim.<\/p>\t\t\t\t\t\t\t\t<\/div>\n\t\t\t\t<\/div>\n\t\t\t\t<\/div>\n\t\t\t\t<\/div>\n\t\t<div class=\"elementor-element elementor-element-dc86eb7 e-con-full e-flex e-con e-child\" data-id=\"dc86eb7\" data-element_type=\"container\">\n\t\t<div class=\"elementor-element elementor-element-61a64d3 e-con-full e-flex e-con e-child\" data-id=\"61a64d3\" data-element_type=\"container\">\n\t\t\t\t<div class=\"elementor-element elementor-element-6d7cf7c elementor-widget elementor-widget-heading\" data-id=\"6d7cf7c\" data-element_type=\"widget\" data-widget_type=\"heading.default\">\n\t\t\t\t<div class=\"elementor-widget-container\">\n\t\t\t\t\t<h4 class=\"elementor-heading-title elementor-size-default\">Flota<\/h4>\t\t\t\t<\/div>\n\t\t\t\t<\/div>\n\t\t\t\t<div class=\"elementor-element elementor-element-391a9e6 text-center color-scheme-inherit elementor-widget elementor-widget-text-editor\" data-id=\"391a9e6\" data-element_type=\"widget\" data-widget_type=\"text-editor.default\">\n\t\t\t\t<div class=\"elementor-widget-container\">\n\t\t\t\t\t\t\t\t\t<p>Nowoczesna flota pojazd\u00f3w w tym pojazdy do przewo\u017cenia przesy\u0142ek specjalnych, wielkogabarytowych i w kontrolowanej temperaturze.<\/p>\t\t\t\t\t\t\t\t<\/div>\n\t\t\t\t<\/div>\n\t\t\t\t<\/div>\n\t\t<div class=\"elementor-element elementor-element-038021c e-con-full e-flex e-con e-child\" data-id=\"038021c\" data-element_type=\"container\">\n\t\t\t\t<div class=\"elementor-element elementor-element-4f06c92 elementor-widget elementor-widget-heading\" data-id=\"4f06c92\" data-element_type=\"widget\" data-widget_type=\"heading.default\">\n\t\t\t\t<div class=\"elementor-widget-container\">\n\t\t\t\t\t<h4 class=\"elementor-heading-title elementor-size-default\">Mo\u017cliwo\u015bci<\/h4>\t\t\t\t<\/div>\n\t\t\t\t<\/div>\n\t\t\t\t<div class=\"elementor-element elementor-element-0fb6728 text-center color-scheme-inherit elementor-widget elementor-widget-text-editor\" data-id=\"0fb6728\" data-element_type=\"widget\" data-widget_type=\"text-editor.default\">\n\t\t\t\t<div class=\"elementor-widget-container\">\n\t\t\t\t\t\t\t\t\t<p>Elastyczne us\u0142ugi, umo\u017cliwiaj\u0105ce dopasowanie do wymaga\u0144 ka\u017cdego klienta i zaanga\u017cowana kadra specjalist\u00f3w, kt\u00f3ra nie boi si\u0119 wyzwa\u0144.<\/p>\t\t\t\t\t\t\t\t<\/div>\n\t\t\t\t<\/div>\n\t\t\t\t<\/div>\n\t\t\t\t<\/div>\n\t\t\t\t\t<\/div>\n\t\t\t\t<\/div>\n\t\t<div class=\"wd-negative-gap elementor-element elementor-element-2b91a1c e-flex e-con-boxed e-con e-parent\" data-id=\"2b91a1c\" data-element_type=\"container\">\n\t\t\t\t\t<div class=\"e-con-inner\">\n\t\t<div class=\"elementor-element elementor-element-9ccc8ad e-con-full e-flex e-con e-child\" data-id=\"9ccc8ad\" data-element_type=\"container\">\n\t\t\t\t<div class=\"elementor-element elementor-element-8811567 elementor-widget elementor-widget-heading\" data-id=\"8811567\" data-element_type=\"widget\" data-widget_type=\"heading.default\">\n\t\t\t\t<div class=\"elementor-widget-container\">\n\t\t\t\t\t<h2 class=\"elementor-heading-title elementor-size-default\">Licencja spedycyjna<\/h2>\t\t\t\t<\/div>\n\t\t\t\t<\/div>\n\t\t\t\t<div class=\"elementor-element elementor-element-bc059d5 text-center color-scheme-inherit elementor-widget elementor-widget-text-editor\" data-id=\"bc059d5\" data-element_type=\"widget\" data-widget_type=\"text-editor.default\">\n\t\t\t\t<div class=\"elementor-widget-container\">\n\t\t\t\t\t\t\t\t\t<p><strong>Dla potwierdzenia naszego do\u015bwiadczenia i profesjonalizmu, prezentujemy nasz\u0105 licencj\u0119 spedycyjn\u0105. By powi\u0119kszy\u0107 zdj\u0119cie, kliknij na miniatur\u0119.\u00a0<\/strong><\/p><p><strong>Uzyskanie dokumentu potwierdza przede wszystkim, \u017ce spe\u0142niamy wszystkie wymagania stawiane firmom kurierskim przez prawo, w tym m.in.:<\/strong><\/p><ul><li>zatrudniamy przeszkolonych i kompetentnych pracownik\u00f3w, a ich do\u015bwiadczenie potwierdzaj\u0105 uzyskane certyfikaty,<\/li><li>mamy dost\u0119p do odpowiedniego zaplecza,<\/li><li>nasza dzia\u0142alno\u015b\u0107 jest odpowiednio zabezpieczona.<\/li><\/ul>\t\t\t\t\t\t\t\t<\/div>\n\t\t\t\t<\/div>\n\t\t\t\t<\/div>\n\t\t<div class=\"elementor-element elementor-element-85478d6 e-con-full e-flex e-con e-child\" data-id=\"85478d6\" data-element_type=\"container\">\n\t\t\t\t<div class=\"elementor-element elementor-element-ada756c elementor-widget elementor-widget-image\" data-id=\"ada756c\" data-element_type=\"widget\" data-widget_type=\"image.default\">\n\t\t\t\t<div class=\"elementor-widget-container\">\n\t\t\t\t\t\t\t\t\t\t\t\t<figure class=\"wp-caption\">\n\t\t\t\t\t\t\t\t\t\t\t<a href=\"https:\/\/couriers.pl\/wp-content\/uploads\/2025\/04\/curiers-bezpieczna-dostawa-logistyka-suchy-lod-poznan-przesylki-transport.jpg\" data-elementor-open-lightbox=\"yes\" data-e-action-hash=\"#elementor-action%3Aaction%3Dlightbox%26settings%3DeyJpZCI6OTUsInVybCI6Imh0dHBzOlwvXC9jb3VyaWVycy5wbFwvd3AtY29udGVudFwvdXBsb2Fkc1wvMjAyNVwvMDRcL2N1cmllcnMtYmV6cGllY3puYS1kb3N0YXdhLWxvZ2lzdHlrYS1zdWNoeS1sb2QtcG96bmFuLXByemVzeWxraS10cmFuc3BvcnQuanBnIn0%3D\">\n\t\t\t\t\t\t\t<img fetchpriority=\"high\" decoding=\"async\" width=\"900\" height=\"1300\" src=\"https:\/\/couriers.pl\/wp-content\/uploads\/2025\/04\/curiers-bezpieczna-dostawa-logistyka-suchy-lod-poznan-przesylki-transport.jpg\" class=\"attachment-full size-full wp-image-95\" alt=\"\" srcset=\"https:\/\/couriers.pl\/wp-content\/uploads\/2025\/04\/curiers-bezpieczna-dostawa-logistyka-suchy-lod-poznan-przesylki-transport.jpg 900w, https:\/\/couriers.pl\/wp-content\/uploads\/2025\/04\/curiers-bezpieczna-dostawa-logistyka-suchy-lod-poznan-przesylki-transport-208x300.jpg 208w, https:\/\/couriers.pl\/wp-content\/uploads\/2025\/04\/curiers-bezpieczna-dostawa-logistyka-suchy-lod-poznan-przesylki-transport-709x1024.jpg 709w, https:\/\/couriers.pl\/wp-content\/uploads\/2025\/04\/curiers-bezpieczna-dostawa-logistyka-suchy-lod-poznan-przesylki-transport-768x1109.jpg 768w\" sizes=\"(max-width: 900px) 100vw, 900px\" \/>\t\t\t\t\t\t\t\t<\/a>\n\t\t\t\t\t\t\t\t\t\t\t<figcaption class=\"widget-image-caption wp-caption-text\"><\/figcaption>\n\t\t\t\t\t\t\t\t\t\t<\/figure>\n\t\t\t\t\t\t\t\t\t<\/div>\n\t\t\t\t<\/div>\n\t\t\t\t<\/div>\n\t\t\t\t\t<\/div>\n\t\t\t\t<\/div>\n\t\t\t\t<\/div>\n\t\t","protected":false},"excerpt":{"rendered":"<p>Us\u0142ugi spedycyjne Us\u0142ugi spedycyjne Transport mi\u0119dzynarodowy i przesy\u0142ki drobnicowe dopasowane do Pa\u0144stwa potrzeb. Wi\u0119cej Przesy\u0142ki miejskie &#8211; Pozna\u0144 Przesy\u0142ki miejskie<\/p>\n","protected":false},"author":2,"featured_media":0,"parent":0,"menu_order":0,"comment_status":"closed","ping_status":"closed","template":"","meta":{"footnotes":""},"class_list":["post-886","page","type-page","status-publish","hentry"],"_links":{"self":[{"href":"https:\/\/couriers.pl\/de\/wp-json\/wp\/v2\/pages\/886","targetHints":{"allow":["GET"]}}],"collection":[{"href":"https:\/\/couriers.pl\/de\/wp-json\/wp\/v2\/pages"}],"about":[{"href":"https:\/\/couriers.pl\/de\/wp-json\/wp\/v2\/types\/page"}],"author":[{"embeddable":true,"href":"https:\/\/couriers.pl\/de\/wp-json\/wp\/v2\/users\/2"}],"replies":[{"embeddable":true,"href":"https:\/\/couriers.pl\/de\/wp-json\/wp\/v2\/comments?post=886"}],"version-history":[{"count":0,"href":"https:\/\/couriers.pl\/de\/wp-json\/wp\/v2\/pages\/886\/revisions"}],"wp:attachment":[{"href":"https:\/\/couriers.pl\/de\/wp-json\/wp\/v2\/media?parent=886"}],"curies":[{"name":"wp","href":"https:\/\/api.w.org\/{rel}","templated":true}]}}