{"id":921,"date":"2026-03-30T20:19:22","date_gmt":"2026-03-30T18:19:22","guid":{"rendered":"https:\/\/couriers.pl\/oplata-paliwowa\/"},"modified":"2026-04-15T16:56:26","modified_gmt":"2026-04-15T14:56:26","slug":"kraftstoffzuschlag","status":"publish","type":"page","link":"https:\/\/couriers.pl\/de\/kraftstoffzuschlag\/","title":{"rendered":"Kraftstoffzuschlag"},"content":{"rendered":"\t\t<div data-elementor-type=\"wp-page\" data-elementor-id=\"921\" class=\"elementor elementor-921 elementor-859\" data-elementor-post-type=\"page\">\n\t\t\t\t<div class=\"wd-negative-gap elementor-element elementor-element-5ec34d5 e-grid e-con-boxed e-con e-parent\" data-id=\"5ec34d5\" data-element_type=\"container\">\n\t\t\t\t\t<div class=\"e-con-inner\">\n\t\t\t\t<div class=\"elementor-element elementor-element-9caeed3 elementor-widget elementor-widget-heading\" data-id=\"9caeed3\" data-element_type=\"widget\" data-widget_type=\"heading.default\">\n\t\t\t\t<div class=\"elementor-widget-container\">\n\t\t\t\t\t<h1 class=\"elementor-heading-title elementor-size-default\">Kraftstoffzuschlag<\/h1>\t\t\t\t<\/div>\n\t\t\t\t<\/div>\n\t\t\t\t<div class=\"elementor-element elementor-element-95477a1 elementor-widget elementor-widget-wd_text_block\" data-id=\"95477a1\" data-element_type=\"widget\" data-widget_type=\"wd_text_block.default\">\n\t\t\t\t<div class=\"elementor-widget-container\">\n\t\t\t\t\t\t\t<div class=\"wd-text-block reset-last-child text-left\">\n\t\t\t\n\t\t\t<p>In den letzten Jahren sind die Kraftstoffpreise deutlich gestiegen \u2013 nach den Angaben der Generaldirektion Energie und Verkehr um mehr als 10% in Europa, und in Polen um mehr als 20% (bezogen auf die Preise der Raffinerie Gda\u0144sk). Zudem mit dem 01.01.2010 f\u00fchrte die Regierung eine weitere Geb\u00fchr in H\u00f6he von 23 Groschen pro Liter Diesel ein. Daher hat DCS, wie die Mehrzahl der Transportunternehmen, mit dem 01.01.2010 den Kraftstoffzuschlag f\u00fcr alle Transportdienstleistungen eingef\u00fchrt.<\/p>\n\t\t\t\t\t<\/div>\n\t\t\t\t\t\t<\/div>\n\t\t\t\t<\/div>\n\t\t\t\t<div class=\"elementor-element elementor-element-61a4ee3 elementor-widget elementor-widget-html\" data-id=\"61a4ee3\" data-element_type=\"widget\" data-widget_type=\"html.default\">\n\t\t\t\t<div class=\"elementor-widget-container\">\n\t\t\t\t\t<div style=\"overflow-x: auto; width: 100%;\">\r\n  <table style=\"border-collapse: collapse; min-width: 700px; width: 100%; font-family: sans-serif; color: black;\">\r\n    <thead>\r\n      <tr style=\"background-color: #d5e8f6;\">\r\n        <th style=\"border: 1px solid black; padding: 10px;\">&nbsp;<\/th>\r\n        <th style=\"border: 1px solid black; padding: 10px;\">Sendungen National<\/th>\r\n        <th style=\"border: 1px solid black; padding: 10px;\">Sendungen International<\/th>\r\n        <th style=\"border: 1px solid black; padding: 10px;\">Sendungen International Luftpost<\/th>\r\n      <\/tr>\r\n    <\/thead>\r\n    <tbody>\r\n\t  <tr>\r\n        <td style=\"border: 1px solid black; padding: 10px;\">H\u00f6he des Kraftstoffzuschlages 01.04.2026<\/td>\r\n        <td style=\"border: 1px solid black; padding: 10px;\">35%<\/td>\r\n        <td style=\"border: 1px solid black; padding: 10px;\">35%<\/td>\r\n        <td style=\"border: 1px solid black; padding: 10px;\">ECO 35%<\/td>\r\n      <\/tr>\r\n      <tr>\r\n        <td style=\"border: 1px solid black; padding: 10px;\">Treibstoffzuschlag bis zum 31.03.2026<\/td>\r\n        <td style=\"border: 1px solid black; padding: 10px;\">25%<\/td>\r\n        <td style=\"border: 1px solid black; padding: 10px;\">25%<\/td>\r\n        <td style=\"border: 1px solid black; padding: 10px;\">ECO 25%<\/td>\r\n      <\/tr>\r\n    <\/tbody>\r\n  <\/table>\r\n<\/div>\t\t\t\t<\/div>\n\t\t\t\t<\/div>\n\t\t\t\t\t<\/div>\n\t\t\t\t<\/div>\n\t\t\t\t<\/div>\n\t\t","protected":false},"excerpt":{"rendered":"<p>Kraftstoffzuschlag In den letzten Jahren sind die Kraftstoffpreise deutlich gestiegen \u2013 nach den Angaben der Generaldirektion Energie und Verkehr um<\/p>\n","protected":false},"author":4,"featured_media":0,"parent":0,"menu_order":0,"comment_status":"closed","ping_status":"closed","template":"","meta":{"footnotes":""},"class_list":["post-921","page","type-page","status-publish","hentry"],"_links":{"self":[{"href":"https:\/\/couriers.pl\/de\/wp-json\/wp\/v2\/pages\/921","targetHints":{"allow":["GET"]}}],"collection":[{"href":"https:\/\/couriers.pl\/de\/wp-json\/wp\/v2\/pages"}],"about":[{"href":"https:\/\/couriers.pl\/de\/wp-json\/wp\/v2\/types\/page"}],"author":[{"embeddable":true,"href":"https:\/\/couriers.pl\/de\/wp-json\/wp\/v2\/users\/4"}],"replies":[{"embeddable":true,"href":"https:\/\/couriers.pl\/de\/wp-json\/wp\/v2\/comments?post=921"}],"version-history":[{"count":4,"href":"https:\/\/couriers.pl\/de\/wp-json\/wp\/v2\/pages\/921\/revisions"}],"predecessor-version":[{"id":930,"href":"https:\/\/couriers.pl\/de\/wp-json\/wp\/v2\/pages\/921\/revisions\/930"}],"wp:attachment":[{"href":"https:\/\/couriers.pl\/de\/wp-json\/wp\/v2\/media?parent=921"}],"curies":[{"name":"wp","href":"https:\/\/api.w.org\/{rel}","templated":true}]}}