{"id":932,"date":"2025-04-28T15:11:17","date_gmt":"2025-04-28T13:11:17","guid":{"rendered":"https:\/\/couriers.pl\/praca\/"},"modified":"2026-04-15T17:03:52","modified_gmt":"2026-04-15T15:03:52","slug":"arbeit","status":"publish","type":"page","link":"https:\/\/couriers.pl\/de\/arbeit\/","title":{"rendered":"Arbeit"},"content":{"rendered":"\t\t<div data-elementor-type=\"wp-page\" data-elementor-id=\"932\" class=\"elementor elementor-932 elementor-664\" data-elementor-post-type=\"page\">\n\t\t\t\t<div class=\"wd-negative-gap elementor-element elementor-element-f245cde e-flex e-con-boxed e-con e-parent\" data-id=\"f245cde\" data-element_type=\"container\">\n\t\t\t\t\t<div class=\"e-con-inner\">\n\t\t\t\t<div class=\"elementor-element elementor-element-fc70842 wd-width-100 elementor-widget elementor-widget-wd_title\" data-id=\"fc70842\" data-element_type=\"widget\" data-widget_type=\"wd_title.default\">\n\t\t\t\t<div class=\"elementor-widget-container\">\n\t\t\t\t\t\t\t<div class=\"title-wrapper wd-set-mb reset-last-child wd-title-color-default wd-title-style-default wd-title-size-default text-left\">\n\n\t\t\t\n\t\t\t<div class=\"liner-continer\">\n\t\t\t\t<h4 class=\"woodmart-title-container title wd-fontsize-l\">M\u00f6chten Sie Erfahrungen sammeln und im modern gef\u00fchrten Unternehmen eigene Kenntnisse ausprobieren? Bewerben Sie sich bei Domestic Courier Service.<br \/>\n<\/h4> \n\t\t\t\t\t\t\t<\/div>\n\n\t\t\t\t\t<\/div>\n\t\t\t\t\t\t<\/div>\n\t\t\t\t<\/div>\n\t\t\t\t<div class=\"elementor-element elementor-element-22a240b color-scheme-inherit text-left elementor-widget elementor-widget-text-editor\" data-id=\"22a240b\" data-element_type=\"widget\" data-widget_type=\"text-editor.default\">\n\t\t\t\t<div class=\"elementor-widget-container\">\n\t\t\t\t\t\t\t\t\t<p><strong>Das Programm der Studentenpraktika<\/strong><\/p><p>Bist du Student oder Absolvent? Machst du die ersten Schritte auf dem Arbeitsmarkt? M\u00f6chtest du Erfahrungen sammeln und sich im modern gef\u00fchrten Unternehmen versuchen? Dann ist unser Praktikumsprogramm eben f\u00fcr Dich!<\/p><p>Unser Team besteht aus kreativen Menschen, die sich schnell Wissen aneignen und die f\u00fcr die Arbeit in der Transportabteilung pr\u00e4destiniert sind.<\/p><p><strong>Erfahren Sie mehr \u00fcber die Vorteile von Praktika f\u00fcr Studierende bei DCS:<\/strong><\/p><ul><li>die M\u00f6glichkeit, wertvolle Berufserfahrung zu sammeln,<\/li><li>Praktikum in einem jungen, eingespielten und ehrgeizigen Team,<\/li><li>interne Schulungen im Bereich Transport,<\/li><li>eine Vielzahl von beauftragten Arbeiten zur Auswahl, je nach eigenen F\u00e4higkeiten,<\/li><li>schriftliche Bewertung zusammen mit der Beschreibung des Praktikums.<\/li><\/ul><p>Alle Fragen schicken Sie an <a href=\"mailto:info@couriers.pl\">info@couriers.pl<\/a>.<\/p>\t\t\t\t\t\t\t\t<\/div>\n\t\t\t\t<\/div>\n\t\t\t\t\t<\/div>\n\t\t\t\t<\/div>\n\t\t\t\t<\/div>\n\t\t","protected":false},"excerpt":{"rendered":"<p>M\u00f6chten Sie Erfahrungen sammeln und im modern gef\u00fchrten Unternehmen eigene Kenntnisse ausprobieren? Bewerben Sie sich bei Domestic Courier Service. Das<\/p>\n","protected":false},"author":3,"featured_media":0,"parent":0,"menu_order":0,"comment_status":"closed","ping_status":"closed","template":"","meta":{"footnotes":""},"class_list":["post-932","page","type-page","status-publish","hentry"],"_links":{"self":[{"href":"https:\/\/couriers.pl\/de\/wp-json\/wp\/v2\/pages\/932","targetHints":{"allow":["GET"]}}],"collection":[{"href":"https:\/\/couriers.pl\/de\/wp-json\/wp\/v2\/pages"}],"about":[{"href":"https:\/\/couriers.pl\/de\/wp-json\/wp\/v2\/types\/page"}],"author":[{"embeddable":true,"href":"https:\/\/couriers.pl\/de\/wp-json\/wp\/v2\/users\/3"}],"replies":[{"embeddable":true,"href":"https:\/\/couriers.pl\/de\/wp-json\/wp\/v2\/comments?post=932"}],"version-history":[{"count":4,"href":"https:\/\/couriers.pl\/de\/wp-json\/wp\/v2\/pages\/932\/revisions"}],"predecessor-version":[{"id":940,"href":"https:\/\/couriers.pl\/de\/wp-json\/wp\/v2\/pages\/932\/revisions\/940"}],"wp:attachment":[{"href":"https:\/\/couriers.pl\/de\/wp-json\/wp\/v2\/media?parent=932"}],"curies":[{"name":"wp","href":"https:\/\/api.w.org\/{rel}","templated":true}]}}