{"id":942,"date":"2025-04-10T13:12:44","date_gmt":"2025-04-10T11:12:44","guid":{"rendered":"https:\/\/couriers.pl\/polityka-prywatnosci\/"},"modified":"2026-04-15T17:12:11","modified_gmt":"2026-04-15T15:12:11","slug":"datenschutzrichtlinie","status":"publish","type":"page","link":"https:\/\/couriers.pl\/de\/datenschutzrichtlinie\/","title":{"rendered":"Datenschutzrichtlinie"},"content":{"rendered":"\t\t<div data-elementor-type=\"wp-page\" data-elementor-id=\"942\" class=\"elementor elementor-942 elementor-3\" data-elementor-post-type=\"page\">\n\t\t\t\t<div class=\"wd-negative-gap elementor-element elementor-element-458409d0 e-flex e-con-boxed e-con e-parent\" data-id=\"458409d0\" data-element_type=\"container\">\n\t\t\t\t\t<div class=\"e-con-inner\">\n\t\t\t\t<div class=\"elementor-element elementor-element-8011fa7 wd-width-100 elementor-widget elementor-widget-wd_title\" data-id=\"8011fa7\" data-element_type=\"widget\" data-widget_type=\"wd_title.default\">\n\t\t\t\t<div class=\"elementor-widget-container\">\n\t\t\t\t\t\t\t<div class=\"title-wrapper wd-set-mb reset-last-child wd-title-color-default wd-title-style-default wd-title-size-default text-left\">\n\n\t\t\t\n\t\t\t<div class=\"liner-continer\">\n\t\t\t\t<h4 class=\"woodmart-title-container title wd-fontsize-l\">Datenschutz in Bezug auf Cookies und \u00e4hnliche Technologien<\/h4> \n\t\t\t\t\t\t\t<\/div>\n\n\t\t\t\t\t<\/div>\n\t\t\t\t\t\t<\/div>\n\t\t\t\t<\/div>\n\t\t\t\t<div class=\"elementor-element elementor-element-6fea8ae8 color-scheme-inherit text-left elementor-widget elementor-widget-text-editor\" data-id=\"6fea8ae8\" data-element_type=\"widget\" data-widget_type=\"text-editor.default\">\n\t\t\t\t<div class=\"elementor-widget-container\">\n\t\t\t\t\t\t\t\t\t<p>F\u00fcr Ihre Bequemlichkeit, um die Nutzung der Website zu erm\u00f6glichen und f\u00fcr statistische Zwecke verwendet die Webseite couriers.pl Cookies. Cookies sind kleine Informationen, die von der Website in Ihrem Browser gespeichert werden. Die Seite kann sowohl Cookies nur f\u00fcr die Dauer des Aufenthalts auf der Seite (Sitzungsdauer) und nach der Beendigung von ihrem Besuch verwenden. Die Seite kann auch Cookies verwenden, die von externen Websites installiert werden.<\/p><p><strong>Die Website verwendet Cookies f\u00fcr:<\/strong><\/p><ul><li>Speicherung der Benutzereinstellungen f\u00fcr mehr Komfort bei der Benutzung der Web-Seite<\/li><li>Die Lieferung an Benutzern Inhalte, die besser ihrem Geschmack entsprechen<\/li><li>Einloggen auf der Website und die Aufrechterhaltung der Sitzung des Benutzers<\/li><li>Erm\u00f6glichung vom Betrieb bestimmter Funktionen auf der Website<\/li><li>Statistische Erhebungen, um die Wirksamkeit zu messen und die Website nachzubessern<\/li><\/ul><p>Die meisten beliebten Browser sind standardm\u00e4\u00dfig so konfiguriert, dass die Annahme von Cookies genehmigt wird. Wenn Sie m\u00f6chten, k\u00f6nnen Sie den Einsatz dieser Technologie verbieten. Um dies zu tun, \u00e4ndern Sie die Einstellungen Ihres Web-Browsers. Detaillierte Informationen dar\u00fcber, wie der Browser zu konfigurieren ist, finden Sie unter Hilfe in Ihrem Browser. Keine solche \u00c4nderung bedeutet, dass Sie mit der Verwendung von Cookies bei der Nutzung dieser Webseite einverstanden sind.<\/p><div id=\"themify_builder_content-1639\" class=\"themify_builder_content themify_builder_content-1639 themify_builder\" data-postid=\"1639\"><div class=\"themify_builder_row module_row clearfix cien-row repeat fullwidth_row_container module_row_1 themify_builder_1639_row module_row_1639-1\"><div class=\"row_inner\"><div class=\"tb-column col-full module_column tb_1639_column module_column_0 module_column_1639-1-0 last\"><div class=\"tb-column-inner\"><div id=\"text-1639-1-0-0\" class=\"module module-text text-1639-1-0-0 repeat \"><p>Das Deaktivieren von Cookies kann jedoch zu Schwierigkeiten bei der Nutzung dieser Website f\u00fchren.<\/p><\/div><\/div><\/div><\/div><\/div><\/div>\t\t\t\t\t\t\t\t<\/div>\n\t\t\t\t<\/div>\n\t\t\t\t\t<\/div>\n\t\t\t\t<\/div>\n\t\t\t\t<\/div>\n\t\t","protected":false},"excerpt":{"rendered":"<p>Datenschutz in Bezug auf Cookies und \u00e4hnliche Technologien F\u00fcr Ihre Bequemlichkeit, um die Nutzung der Website zu erm\u00f6glichen und f\u00fcr<\/p>\n","protected":false},"author":1,"featured_media":0,"parent":0,"menu_order":0,"comment_status":"closed","ping_status":"open","template":"","meta":{"footnotes":""},"class_list":["post-942","page","type-page","status-publish","hentry"],"_links":{"self":[{"href":"https:\/\/couriers.pl\/de\/wp-json\/wp\/v2\/pages\/942","targetHints":{"allow":["GET"]}}],"collection":[{"href":"https:\/\/couriers.pl\/de\/wp-json\/wp\/v2\/pages"}],"about":[{"href":"https:\/\/couriers.pl\/de\/wp-json\/wp\/v2\/types\/page"}],"author":[{"embeddable":true,"href":"https:\/\/couriers.pl\/de\/wp-json\/wp\/v2\/users\/1"}],"replies":[{"embeddable":true,"href":"https:\/\/couriers.pl\/de\/wp-json\/wp\/v2\/comments?post=942"}],"version-history":[{"count":11,"href":"https:\/\/couriers.pl\/de\/wp-json\/wp\/v2\/pages\/942\/revisions"}],"predecessor-version":[{"id":958,"href":"https:\/\/couriers.pl\/de\/wp-json\/wp\/v2\/pages\/942\/revisions\/958"}],"wp:attachment":[{"href":"https:\/\/couriers.pl\/de\/wp-json\/wp\/v2\/media?parent=942"}],"curies":[{"name":"wp","href":"https:\/\/api.w.org\/{rel}","templated":true}]}}