{"id":966,"date":"2025-04-28T15:12:59","date_gmt":"2025-04-28T13:12:59","guid":{"rendered":"https:\/\/couriers.pl\/informacje-dotyczace-przetwarzania-danych-osobowych\/"},"modified":"2026-04-15T17:58:46","modified_gmt":"2026-04-15T15:58:46","slug":"informationen-zur-verarbeitung-personenbezogener-daten","status":"publish","type":"page","link":"https:\/\/couriers.pl\/de\/informationen-zur-verarbeitung-personenbezogener-daten\/","title":{"rendered":"Informationen zur Verarbeitung personenbezogener Daten"},"content":{"rendered":"\t\t<div data-elementor-type=\"wp-page\" data-elementor-id=\"966\" class=\"elementor elementor-966 elementor-670\" data-elementor-post-type=\"page\">\n\t\t\t\t<div class=\"wd-negative-gap elementor-element elementor-element-2eec230 e-flex e-con-boxed e-con e-parent\" data-id=\"2eec230\" data-element_type=\"container\">\n\t\t\t\t\t<div class=\"e-con-inner\">\n\t\t\t\t<div class=\"elementor-element elementor-element-5eb9ac3 wd-width-100 elementor-widget elementor-widget-wd_title\" data-id=\"5eb9ac3\" data-element_type=\"widget\" data-widget_type=\"wd_title.default\">\n\t\t\t\t<div class=\"elementor-widget-container\">\n\t\t\t\t\t\t\t<div class=\"title-wrapper wd-set-mb reset-last-child wd-title-color-default wd-title-style-default wd-title-size-default text-left\">\n\n\t\t\t\n\t\t\t<div class=\"liner-continer\">\n\t\t\t\t<h4 class=\"woodmart-title-container title wd-fontsize-l\">Informationen zur Verarbeitung personenbezogener Daten<\/h4> \n\t\t\t\t\t\t\t<\/div>\n\n\t\t\t\t\t<\/div>\n\t\t\t\t\t\t<\/div>\n\t\t\t\t<\/div>\n\t\t\t\t<div class=\"elementor-element elementor-element-69ac483 color-scheme-inherit text-left elementor-widget elementor-widget-text-editor\" data-id=\"69ac483\" data-element_type=\"widget\" data-widget_type=\"text-editor.default\">\n\t\t\t\t<div class=\"elementor-widget-container\">\n\t\t\t\t\t\t\t\t\t<p>Verantwortlicher f\u00fcr Ihre personenbezogenen Daten ist DCS Domestic Courier Service sp. z o.o. sp. k., ul. Wilczak 45\/47, 61-623 Pozna\u0144, USt-IdNr.: PL972-130-51-31, REGON: 384966185.<\/p><h3>Rechtsgrundlage und Zweck der Datenverarbeitung<\/h3><p>Ihre personenbezogenen Daten werden gem\u00e4\u00df<\/p><ul><li>Artikel 6 Absatz 1 lit. b DSGVO verarbeitet, um einen Vertrag auf Grundlage Ihrer Anfrage (\u00fcber das Formular auf der Website oder durch Kontaktaufnahme mit einem DCS-Mitarbeiter auf anderem Wege) vorzubereiten und abzuschlie\u00dfen sowie diesen Vertrag einschlie\u00dflich aller zus\u00e4tzlichen Dienstleistungen zu erf\u00fcllen.<\/li><li>Artikel 6 Absatz 1 lit. c DSGVO ist ebenfalls relevant, da die Verarbeitung aufgrund der gesetzlichen Verpflichtungen des Verantwortlichen, insbesondere der Aufbewahrungspflichten, erforderlich ist.<\/li><li>Artikel 6 Absatz 1 Buchstabe d DSGVO, zu folgenden Zwecken: Artikel 1 Buchstabe f DSGVO, da die Verarbeitung zur Wahrung der berechtigten Interessen des Verantwortlichen erforderlich ist, insbesondere: Inkasso; Durchf\u00fchrung von Gerichts-, Schieds- und Mediationsverfahren; Durchf\u00fchrung von Marketingaktivit\u00e4ten; Kontaktaufnahme mit Ihnen, auch zu Zwecken im Zusammenhang mit zul\u00e4ssigen Marketingaktivit\u00e4ten, selbst wenn diese nicht in direktem Zusammenhang mit der Vertragserf\u00fcllung stehen.<\/li><\/ul><p>Die Angabe Ihrer personenbezogenen Daten ist freiwillig, aber gleichzeitig f\u00fcr den Abschluss und die Erf\u00fcllung des Vertrags zwischen Ihnen und Domestic Courier Service erforderlich.<\/p><h3>Speicherdauer<\/h3><p>Ihre personenbezogenen Daten werden f\u00fcr die gesamte Dauer der Leistungserbringung, f\u00fcr die Dauer der Bearbeitung von Beschwerden und anschlie\u00dfend bis zum Ablauf der Verj\u00e4hrungsfrist f\u00fcr etwaige Anspr\u00fcche und bis zum Ablauf der Aufbewahrungspflicht nach geltendem Recht gespeichert.<\/p><h3>Datenweitergabe<\/h3><p>Die von Ihnen angegebenen personenbezogenen Daten k\u00f6nnen an folgende Stellen weitergegeben werden:<\/p><ul><li>Partner, die mit DCS bei der Zustellung von Sendungen zusammenarbeiten;<\/li><li>Unternehmen, die Buchhaltungs-, Inkasso- und IT-Dienstleistungen f\u00fcr DCS erbringen und Daten auf Grundlage von Vertr\u00e4gen mit dem Verantwortlichen und ausschlie\u00dflich gem\u00e4\u00df dessen Weisungen verarbeiten.<\/li><li>Unternehmen au\u00dferhalb des Europ\u00e4ischen Wirtschaftsraums (EWR), die von der Europ\u00e4ischen Kommission nicht als Anbieter eines angemessenen Datenschutzniveaus anerkannt sind. Die \u00dcbermittlung personenbezogener Daten an diese Unternehmen erfolgt auf Grundlage von Datenschutzklauseln, die von der Europ\u00e4ischen Kommission verabschiedet wurden und daher geeigneten Garantien zum Schutz der Privatsph\u00e4re sowie der Rechte und Freiheiten der betroffenen Person unterliegen.<\/li><\/ul><h3>Ihre Rechte<\/h3><p>Sie haben das Recht:<\/p><ul><li>auf Ihre Daten zuzugreifen, deren Berichtigung, L\u00f6schung oder Einschr\u00e4nkung der Verarbeitung zu verlangen;<\/li><li>der Verarbeitung personenbezogener Daten f\u00fcr Direktmarketingzwecke zu widersprechen;<\/li><li>das Recht auf Daten\u00fcbertragbarkeit im Zusammenhang mit der Vertragserf\u00fcllung und das Recht auf Einschr\u00e4nkung der Datenverarbeitung;<\/li><li>das Recht auf Daten\u00fcbertragbarkeit im Zusammenhang mit der Vertragserf\u00fcllung und das Recht auf Einschr\u00e4nkung der Datenverarbeitung. Beschwerde bei der Aufsichtsbeh\u00f6rde, dem Pr\u00e4sidenten des Amtes f\u00fcr den Schutz personenbezogener Daten<\/li><\/ul><h3>Kontakt zum Verantwortlichen f\u00fcr die Verarbeitung personenbezogener Daten<\/h3><p>Bei Fragen zur Verarbeitung Ihrer personenbezogenen Daten erreichen Sie uns telefonisch unter +48 618 250 432 und +48 618 250 937, per E-Mail unter info@couriers.pl oder per Post an folgende Adresse: DCS, ul. Wilczak 45\/47, 61-623 Pozna\u0144.<\/p>\t\t\t\t\t\t\t\t<\/div>\n\t\t\t\t<\/div>\n\t\t\t\t\t<\/div>\n\t\t\t\t<\/div>\n\t\t\t\t<\/div>\n\t\t","protected":false},"excerpt":{"rendered":"<p>Informationen zur Verarbeitung personenbezogener Daten Verantwortlicher f\u00fcr Ihre personenbezogenen Daten ist DCS Domestic Courier Service sp. z o.o. sp. k.,<\/p>\n","protected":false},"author":3,"featured_media":0,"parent":0,"menu_order":0,"comment_status":"closed","ping_status":"closed","template":"","meta":{"footnotes":""},"class_list":["post-966","page","type-page","status-publish","hentry"],"_links":{"self":[{"href":"https:\/\/couriers.pl\/de\/wp-json\/wp\/v2\/pages\/966","targetHints":{"allow":["GET"]}}],"collection":[{"href":"https:\/\/couriers.pl\/de\/wp-json\/wp\/v2\/pages"}],"about":[{"href":"https:\/\/couriers.pl\/de\/wp-json\/wp\/v2\/types\/page"}],"author":[{"embeddable":true,"href":"https:\/\/couriers.pl\/de\/wp-json\/wp\/v2\/users\/3"}],"replies":[{"embeddable":true,"href":"https:\/\/couriers.pl\/de\/wp-json\/wp\/v2\/comments?post=966"}],"version-history":[{"count":4,"href":"https:\/\/couriers.pl\/de\/wp-json\/wp\/v2\/pages\/966\/revisions"}],"predecessor-version":[{"id":977,"href":"https:\/\/couriers.pl\/de\/wp-json\/wp\/v2\/pages\/966\/revisions\/977"}],"wp:attachment":[{"href":"https:\/\/couriers.pl\/de\/wp-json\/wp\/v2\/media?parent=966"}],"curies":[{"name":"wp","href":"https:\/\/api.w.org\/{rel}","templated":true}]}}